{"id":537,"date":"2023-04-04T11:05:31","date_gmt":"2023-04-04T10:05:31","guid":{"rendered":"https:\/\/levii.it\/weingut\/"},"modified":"2025-08-26T11:28:22","modified_gmt":"2025-08-26T10:28:22","slug":"weingut","status":"publish","type":"page","link":"https:\/\/levii.it\/de\/weingut\/","title":{"rendered":"WEINGUT"},"content":{"rendered":"<p>[et_pb_section fb_built=&#8220;1&#8243; _builder_version=&#8220;4.20.2&#8243; _module_preset=&#8220;default&#8220; min_height=&#8220;1505.3px&#8220; custom_padding=&#8220;0px|||||&#8220; global_colors_info=&#8220;{}&#8220;][et_pb_row _builder_version=&#8220;4.20.2&#8243; _module_preset=&#8220;default&#8220; min_height=&#8220;74px&#8220; custom_padding=&#8220;17px|||||&#8220; global_colors_info=&#8220;{}&#8220;][et_pb_column type=&#8220;4_4&#8243; _builder_version=&#8220;4.20.2&#8243; _module_preset=&#8220;default&#8220; global_colors_info=&#8220;{}&#8220;][et_pb_text _builder_version=&#8220;4.20.2&#8243; _module_preset=&#8220;default&#8220; text_font_size=&#8220;23px&#8220; header_font_size=&#8220;37px&#8220; global_colors_info=&#8220;{}&#8220;]<\/p>\n<h1 style=\"text-align: center;\">WEINGUT<\/h1>\n<p>[\/et_pb_text][\/et_pb_column][\/et_pb_row][et_pb_row _builder_version=&#8220;4.20.2&#8243; _module_preset=&#8220;default&#8220; global_colors_info=&#8220;{}&#8220;][et_pb_column type=&#8220;4_4&#8243; _builder_version=&#8220;4.20.2&#8243; _module_preset=&#8220;default&#8220; global_colors_info=&#8220;{}&#8220;][et_pb_text _builder_version=&#8220;4.20.2&#8243; _module_preset=&#8220;default&#8220; text_text_color=&#8220;#E02B20&#8243; header_text_color=&#8220;#7CDA24&#8243; header_2_text_color=&#8220;#7CDA24&#8243; global_colors_info=&#8220;{}&#8220;]<\/p>\n<h2 style=\"text-align: center;\">Aus Liebe zum Wein<\/h2>\n<p>[\/et_pb_text][\/et_pb_column][\/et_pb_row][et_pb_row column_structure=&#8220;1_2,1_2&#8243; _builder_version=&#8220;4.20.2&#8243; _module_preset=&#8220;default&#8220; global_colors_info=&#8220;{}&#8220;][et_pb_column type=&#8220;1_2&#8243; _builder_version=&#8220;4.20.2&#8243; _module_preset=&#8220;default&#8220; global_colors_info=&#8220;{}&#8220;][et_pb_text _builder_version=&#8220;4.20.2&#8243; _module_preset=&#8220;default&#8220; custom_padding=&#8220;||1px|||&#8220; global_colors_info=&#8220;{}&#8220;]<\/p>\n<p>LEVII ist ein Wort aus dem lokalen Dialekt und bedeutet \u00fcbersetzt \u201edie Reben\u201c. LEVII ist das Weinprojekt der jungen Initiatoren, Cesare und Riccardo, die mit ihrer Arbeit und ihrem Talent zum Weinbaugebiet von Stenico und Bleggio in den Judikarien beitragen. Ihr Ziel ist die Wiederbelebung dieses historischen Weinbaugebiets, das in der Nachkriegszeit von vielen Menschen verlassen wurde.<\/p>\n<p>Don Lorenzo Guetti, Gr\u00fcnder der ersten landwirtschaftlichen Genossenschaft im Trentino, schrieb 1887: \u201e&#8230;in Dorsino und S. Lorenzo kann man die sch\u00f6nsten, bis zur Perfektion gepflegten Weinberge bewundern\u201c.<\/p>\n<p>Heute ist LEVII ein moderner, rationell arbeitender Weinbaubetrieb an den H\u00e4ngen \u00fcber dem Fluss Sarca. Tags\u00fcber weht der Wind vom Gardasee, nachts streicht die Brise der Brenta-Dolomiten \u00fcber die von der Sonne gek\u00fcssten Trauben. Ein ideales Klima f\u00fcr die Produktion von Qualit\u00e4tsweinen, deren Ausdruck der Schaumwein Trentodoc LEVII ist.<\/p>\n<p>2012 ist das Gr\u00fcndungsjahr der Weinkellerei LEVII. Mit uns reist die Qualit\u00e4t des Trentodoc um die Welt und erz\u00e4hlt von einem Weinland, in dem eine Vision von \u00f6kologischer, sozialer und wirtschaftlicher Qualit\u00e4t Wirklichkeit geworden ist. Eine Vision, die es wert ist, mit allen geteilt zu werden, die das Leben lieben und die Momente zu feiern wissen, die es zu etwas Besonderem machen.<\/p>\n<p>[\/et_pb_text][\/et_pb_column][et_pb_column type=&#8220;1_2&#8243; _builder_version=&#8220;4.20.2&#8243; _module_preset=&#8220;default&#8220; global_colors_info=&#8220;{}&#8220;][et_pb_image src=&#8220;https:\/\/levii.it\/wp-content\/uploads\/2023\/04\/identita.jpg&#8220; title_text=&#8220;Weingut&#8220; _builder_version=&#8220;4.20.2&#8243; _module_preset=&#8220;default&#8220; global_colors_info=&#8220;{}&#8220;][\/et_pb_image][\/et_pb_column][\/et_pb_row][et_pb_row _builder_version=&#8220;4.20.2&#8243; _module_preset=&#8220;default&#8220; global_colors_info=&#8220;{}&#8220;][et_pb_column type=&#8220;4_4&#8243; _builder_version=&#8220;4.20.2&#8243; _module_preset=&#8220;default&#8220; global_colors_info=&#8220;{}&#8220;][et_pb_text _builder_version=&#8220;4.20.2&#8243; _module_preset=&#8220;default&#8220; header_2_text_color=&#8220;#7CDA24&#8243; global_colors_info=&#8220;{}&#8220;]<\/p>\n<h2 style=\"text-align: center;\">Markenzeichen<\/h2>\n<p>[\/et_pb_text][\/et_pb_column][\/et_pb_row][et_pb_row column_structure=&#8220;1_2,1_2&#8243; _builder_version=&#8220;4.20.2&#8243; _module_preset=&#8220;default&#8220; global_colors_info=&#8220;{}&#8220;][et_pb_column type=&#8220;1_2&#8243; _builder_version=&#8220;4.20.2&#8243; _module_preset=&#8220;default&#8220; global_colors_info=&#8220;{}&#8220;][et_pb_image src=&#8220;https:\/\/levii.it\/wp-content\/uploads\/2023\/04\/logo2.jpg&#8220; title_text=&#8220;logo2&#8243; _builder_version=&#8220;4.20.2&#8243; _module_preset=&#8220;default&#8220; global_colors_info=&#8220;{}&#8220;][\/et_pb_image][\/et_pb_column][et_pb_column type=&#8220;1_2&#8243; _builder_version=&#8220;4.20.2&#8243; _module_preset=&#8220;default&#8220; global_colors_info=&#8220;{}&#8220;][et_pb_text _builder_version=&#8220;4.20.2&#8243; _module_preset=&#8220;default&#8220; global_colors_info=&#8220;{}&#8220;]<\/p>\n<p>LEVII ist ein Wort aus dem lokalen Dialekt und bedeutet \u00fcbersetzt \u201edie Reben\u201c. Wir haben dieses Wort f\u00fcr unser Markenzeichen gew\u00e4hlt, weil es unsere Leidenschaft f\u00fcr den Weinbau und unsere Verbundenheit mit dem Land ausdr\u00fcckt. Das goldene B in der Mitte steht f\u00fcr Berasi, den Familiennamen des Gr\u00fcnders, der f\u00fcr Qualit\u00e4tsbewusstsein b\u00fcrgt.<\/p>\n<p>&nbsp;<\/p>\n<p>[\/et_pb_text][\/et_pb_column][\/et_pb_row][et_pb_row _builder_version=&#8220;4.20.2&#8243; _module_preset=&#8220;default&#8220; global_colors_info=&#8220;{}&#8220;][et_pb_column type=&#8220;4_4&#8243; _builder_version=&#8220;4.20.2&#8243; _module_preset=&#8220;default&#8220; global_colors_info=&#8220;{}&#8220;][et_pb_text _builder_version=&#8220;4.20.2&#8243; _module_preset=&#8220;default&#8220; header_2_text_color=&#8220;#7CDA24&#8243; global_colors_info=&#8220;{}&#8220;]<\/p>\n<h2 style=\"text-align: center;\">Weinberge<\/h2>\n<p>[\/et_pb_text][\/et_pb_column][\/et_pb_row][et_pb_row column_structure=&#8220;1_2,1_2&#8243; _builder_version=&#8220;4.20.2&#8243; _module_preset=&#8220;default&#8220; global_colors_info=&#8220;{}&#8220;][et_pb_column type=&#8220;1_2&#8243; _builder_version=&#8220;4.20.2&#8243; _module_preset=&#8220;default&#8220; global_colors_info=&#8220;{}&#8220;][et_pb_text _builder_version=&#8220;4.20.2&#8243; _module_preset=&#8220;default&#8220; global_colors_info=&#8220;{}&#8220;]<\/p>\n<p>LEVII bewirtschaftet 15 Hektar Rebfl\u00e4che am Fu\u00df der Brenta-Dolomiten in den Gemeinden Stenico und Bleggio in den Judikarien.<\/p>\n<p>Die Weinberge befinden sich auf einer H\u00f6he von 650 bis 750 Metern \u00fcber dem Meeresspiegel an steilen, optimal nach S\u00fcden ausgerichteten H\u00e4ngen. Die Erziehungsform ist der Guyot. Der Stockabstand betr\u00e4gt 70 cm, der Reihenabstand 2 m und die Stockdichte \u00fcber 7.000 St\u00f6cke per Hektar. Alles ist auf h\u00f6chste Qualit\u00e4t ausgerichtet.<\/p>\n<p>[\/et_pb_text][\/et_pb_column][et_pb_column type=&#8220;1_2&#8243; _builder_version=&#8220;4.20.2&#8243; _module_preset=&#8220;default&#8220; global_colors_info=&#8220;{}&#8220;][et_pb_image src=&#8220;https:\/\/levii.it\/wp-content\/uploads\/2023\/04\/chiave6.jpg&#8220; title_text=&#8220;chiave6&#8243; _builder_version=&#8220;4.20.2&#8243; _module_preset=&#8220;default&#8220; global_colors_info=&#8220;{}&#8220;][\/et_pb_image][\/et_pb_column][\/et_pb_row][et_pb_row _builder_version=&#8220;4.20.2&#8243; _module_preset=&#8220;default&#8220; global_colors_info=&#8220;{}&#8220;][et_pb_column type=&#8220;4_4&#8243; _builder_version=&#8220;4.20.2&#8243; _module_preset=&#8220;default&#8220; global_colors_info=&#8220;{}&#8220;][et_pb_text _builder_version=&#8220;4.20.2&#8243; _module_preset=&#8220;default&#8220; header_2_text_color=&#8220;#7CDA24&#8243; global_colors_info=&#8220;{}&#8220;]<\/p>\n<h2 style=\"text-align: center;\">Rebsorten<\/h2>\n<p>[\/et_pb_text][\/et_pb_column][\/et_pb_row][et_pb_row column_structure=&#8220;1_2,1_2&#8243; _builder_version=&#8220;4.20.2&#8243; _module_preset=&#8220;default&#8220; global_colors_info=&#8220;{}&#8220;][et_pb_column type=&#8220;1_2&#8243; _builder_version=&#8220;4.20.2&#8243; _module_preset=&#8220;default&#8220; global_colors_info=&#8220;{}&#8220;][et_pb_image src=&#8220;https:\/\/levii.it\/wp-content\/uploads\/2023\/04\/chiave11.jpg&#8220; title_text=&#8220;chiave11&#8243; _builder_version=&#8220;4.20.2&#8243; _module_preset=&#8220;default&#8220; global_colors_info=&#8220;{}&#8220;][\/et_pb_image][\/et_pb_column][et_pb_column type=&#8220;1_2&#8243; _builder_version=&#8220;4.20.2&#8243; _module_preset=&#8220;default&#8220; global_colors_info=&#8220;{}&#8220;][et_pb_text _builder_version=&#8220;4.20.2&#8243; _module_preset=&#8220;default&#8220; global_colors_info=&#8220;{}&#8220;]<\/p>\n<p>Die Produktion konzentriert sich auf die Rebsorten Chardonnay und Pinot Noir. Aus diesen Trauben wird nach traditioneller Methode der Schaumwein Trento Doc hergestellt. Dank der besonderen agroklimatischen Bedingungen des Tals erreichen diese Rebsorten ein sehr hohes organoleptisches und qualitatives Niveau, das f\u00fcr die Herstellung von Qualit\u00e4tsweinen geeignet ist.<\/p>\n<p>[\/et_pb_text][\/et_pb_column][\/et_pb_row][et_pb_row _builder_version=&#8220;4.20.2&#8243; _module_preset=&#8220;default&#8220; global_colors_info=&#8220;{}&#8220;][et_pb_column type=&#8220;4_4&#8243; _builder_version=&#8220;4.20.2&#8243; _module_preset=&#8220;default&#8220; global_colors_info=&#8220;{}&#8220;][et_pb_text _builder_version=&#8220;4.20.2&#8243; _module_preset=&#8220;default&#8220; header_2_text_color=&#8220;#7CDA24&#8243; global_colors_info=&#8220;{}&#8220;]<\/p>\n<h2 style=\"text-align: center;\">Diese Elemente machen unseren Wein zu etwas Besonderem<\/h2>\n<p>[\/et_pb_text][\/et_pb_column][\/et_pb_row][et_pb_row column_structure=&#8220;1_2,1_2&#8243; _builder_version=&#8220;4.20.2&#8243; _module_preset=&#8220;default&#8220; global_colors_info=&#8220;{}&#8220;][et_pb_column type=&#8220;1_2&#8243; _builder_version=&#8220;4.20.2&#8243; _module_preset=&#8220;default&#8220; global_colors_info=&#8220;{}&#8220;][et_pb_text _builder_version=&#8220;4.20.2&#8243; _module_preset=&#8220;default&#8220; global_colors_info=&#8220;{}&#8220;]<\/p>\n<p><strong>Land:<\/strong><\/p>\n<p>Das Land ist nicht nur ein wertvoller Lieferant bester Trauben. Es ist auch ein soziales System, in dem sich das Handeln des Einzelnen positiv auf die Gemeinschaft auswirkt.<\/p>\n<p><strong>Berge:<\/strong><\/p>\n<p>In der H\u00f6he ist jede Arbeit anstrengend, kompliziert, extrem. Doch das Ergebnis ist unvergleichlich. Das Bergklima veredelt die landwirtschaftlichen Produkte, es verst\u00e4rkt die D\u00fcfte und die Eleganz der Aromen.<\/p>\n<p><strong>Zeit:<\/strong><\/p>\n<p>Zeit und Qualit\u00e4t sind untrennbar. Die besten Schaumweine brauchen Zeit, um sich zu entwickeln und zu verfeinern.<\/p>\n<p><strong>Liebe zum Wein:<\/strong><\/p>\n<p>Die Liebe zum Wein pr\u00e4gt die t\u00e4gliche Arbeit im Hause LEVII. F\u00fcr h\u00f6chste Qualit\u00e4t reichen die besten Rebsorten und das beste Terroir nicht aus. Man muss sich voll und ganz dem Ziel widmen k\u00f6nnen, den h\u00f6chsten Ausdruck von Exzellenz zu erreichen.<\/p>\n<p>[\/et_pb_text][\/et_pb_column][et_pb_column type=&#8220;1_2&#8243; _builder_version=&#8220;4.20.2&#8243; _module_preset=&#8220;default&#8220; global_colors_info=&#8220;{}&#8220;][et_pb_image src=&#8220;https:\/\/levii.it\/wp-content\/uploads\/2023\/04\/Gianluigi-Rocca-per-Trento-Film-Festival-2012.jpg&#8220; title_text=&#8220;Gianluigi Rocca per Trento Film Festival 2012&#8243; _builder_version=&#8220;4.20.2&#8243; _module_preset=&#8220;default&#8220; global_colors_info=&#8220;{}&#8220;][\/et_pb_image][\/et_pb_column][\/et_pb_row][\/et_pb_section]<\/p>\n","protected":false},"excerpt":{"rendered":"<p>WEINGUTAus Liebe zum WeinLEVII ist ein Wort aus dem lokalen Dialekt und bedeutet \u00fcbersetzt \u201edie Reben\u201c. LEVII ist das Weinprojekt der jungen Initiatoren, Cesare und Riccardo, die mit ihrer Arbeit und ihrem Talent zum Weinbaugebiet von Stenico und Bleggio in den Judikarien beitragen. Ihr Ziel ist die Wiederbelebung dieses historischen Weinbaugebiets, das in der Nachkriegszeit [&hellip;]<\/p>\n","protected":false},"author":1,"featured_media":0,"parent":0,"menu_order":0,"comment_status":"closed","ping_status":"closed","template":"","meta":{"_et_pb_use_builder":"on","_et_pb_old_content":"","_et_gb_content_width":"","footnotes":""},"class_list":["post-537","page","type-page","status-publish","hentry"],"yoast_head":"<!-- This site is optimized with the Yoast SEO plugin v27.4 - https:\/\/yoast.com\/product\/yoast-seo-wordpress\/ -->\n<title>WEINGUT - Cantine Levii<\/title>\n<meta name=\"description\" content=\"2012 ist das Gr\u00fcndungsjahr der Weinkellerei LEVII. Mit uns reist die Qualit\u00e4t des Trentodoc um die Welt und erz\u00e4hlt von einem Weinland.\" \/>\n<meta name=\"robots\" content=\"index, follow, max-snippet:-1, max-image-preview:large, max-video-preview:-1\" \/>\n<link rel=\"canonical\" href=\"https:\/\/levii.it\/de\/weingut\/\" \/>\n<meta property=\"og:locale\" content=\"de_DE\" \/>\n<meta property=\"og:type\" content=\"article\" \/>\n<meta property=\"og:title\" content=\"WEINGUT - Cantine Levii\" \/>\n<meta property=\"og:description\" content=\"2012 ist das Gr\u00fcndungsjahr der Weinkellerei LEVII. Mit uns reist die Qualit\u00e4t des Trentodoc um die Welt und erz\u00e4hlt von einem Weinland.\" \/>\n<meta property=\"og:url\" content=\"https:\/\/levii.it\/de\/weingut\/\" \/>\n<meta property=\"og:site_name\" content=\"Cantine Levii\" \/>\n<meta property=\"article:publisher\" content=\"https:\/\/www.facebook.com\/leviitrentodoc\/\" \/>\n<meta property=\"article:modified_time\" content=\"2025-08-26T10:28:22+00:00\" \/>\n<meta name=\"twitter:card\" content=\"summary_large_image\" \/>\n<meta name=\"twitter:label1\" content=\"Gesch\u00e4tzte Lesezeit\" \/>\n\t<meta name=\"twitter:data1\" content=\"6\u00a0Minuten\" \/>\n<script type=\"application\/ld+json\" class=\"yoast-schema-graph\">{\"@context\":\"https:\\\/\\\/schema.org\",\"@graph\":[{\"@type\":\"WebPage\",\"@id\":\"https:\\\/\\\/levii.it\\\/de\\\/weingut\\\/\",\"url\":\"https:\\\/\\\/levii.it\\\/de\\\/weingut\\\/\",\"name\":\"WEINGUT - Cantine Levii\",\"isPartOf\":{\"@id\":\"https:\\\/\\\/levii.it\\\/de\\\/#website\"},\"datePublished\":\"2023-04-04T10:05:31+00:00\",\"dateModified\":\"2025-08-26T10:28:22+00:00\",\"description\":\"2012 ist das Gr\u00fcndungsjahr der Weinkellerei LEVII. Mit uns reist die Qualit\u00e4t des Trentodoc um die Welt und erz\u00e4hlt von einem Weinland.\",\"breadcrumb\":{\"@id\":\"https:\\\/\\\/levii.it\\\/de\\\/weingut\\\/#breadcrumb\"},\"inLanguage\":\"de\",\"potentialAction\":[{\"@type\":\"ReadAction\",\"target\":[\"https:\\\/\\\/levii.it\\\/de\\\/weingut\\\/\"]}]},{\"@type\":\"BreadcrumbList\",\"@id\":\"https:\\\/\\\/levii.it\\\/de\\\/weingut\\\/#breadcrumb\",\"itemListElement\":[{\"@type\":\"ListItem\",\"position\":1,\"name\":\"Home\",\"item\":\"https:\\\/\\\/levii.it\\\/de\\\/\"},{\"@type\":\"ListItem\",\"position\":2,\"name\":\"WEINGUT\"}]},{\"@type\":\"WebSite\",\"@id\":\"https:\\\/\\\/levii.it\\\/de\\\/#website\",\"url\":\"https:\\\/\\\/levii.it\\\/de\\\/\",\"name\":\"Cantine Levii\",\"description\":\"Bollicine estreme ed eleganti tra le Dolomiti e il Garda\",\"publisher\":{\"@id\":\"https:\\\/\\\/levii.it\\\/de\\\/#organization\"},\"alternateName\":\"LEVII TRENTODOC\",\"potentialAction\":[{\"@type\":\"SearchAction\",\"target\":{\"@type\":\"EntryPoint\",\"urlTemplate\":\"https:\\\/\\\/levii.it\\\/de\\\/?s={search_term_string}\"},\"query-input\":{\"@type\":\"PropertyValueSpecification\",\"valueRequired\":true,\"valueName\":\"search_term_string\"}}],\"inLanguage\":\"de\"},{\"@type\":\"Organization\",\"@id\":\"https:\\\/\\\/levii.it\\\/de\\\/#organization\",\"name\":\"Cantine Levii\",\"url\":\"https:\\\/\\\/levii.it\\\/de\\\/\",\"logo\":{\"@type\":\"ImageObject\",\"inLanguage\":\"de\",\"@id\":\"https:\\\/\\\/levii.it\\\/de\\\/#\\\/schema\\\/logo\\\/image\\\/\",\"url\":\"https:\\\/\\\/levii.it\\\/wp-content\\\/uploads\\\/2023\\\/04\\\/banner-e1693427559620.jpg\",\"contentUrl\":\"https:\\\/\\\/levii.it\\\/wp-content\\\/uploads\\\/2023\\\/04\\\/banner-e1693427559620.jpg\",\"width\":217,\"height\":209,\"caption\":\"Cantine Levii\"},\"image\":{\"@id\":\"https:\\\/\\\/levii.it\\\/de\\\/#\\\/schema\\\/logo\\\/image\\\/\"},\"sameAs\":[\"https:\\\/\\\/www.facebook.com\\\/leviitrentodoc\\\/\",\"https:\\\/\\\/www.instagram.com\\\/levii_trentodoc\\\/\"]}]}<\/script>\n<!-- \/ Yoast SEO plugin. -->","yoast_head_json":{"title":"WEINGUT - Cantine Levii","description":"2012 ist das Gr\u00fcndungsjahr der Weinkellerei LEVII. Mit uns reist die Qualit\u00e4t des Trentodoc um die Welt und erz\u00e4hlt von einem Weinland.","robots":{"index":"index","follow":"follow","max-snippet":"max-snippet:-1","max-image-preview":"max-image-preview:large","max-video-preview":"max-video-preview:-1"},"canonical":"https:\/\/levii.it\/de\/weingut\/","og_locale":"de_DE","og_type":"article","og_title":"WEINGUT - Cantine Levii","og_description":"2012 ist das Gr\u00fcndungsjahr der Weinkellerei LEVII. Mit uns reist die Qualit\u00e4t des Trentodoc um die Welt und erz\u00e4hlt von einem Weinland.","og_url":"https:\/\/levii.it\/de\/weingut\/","og_site_name":"Cantine Levii","article_publisher":"https:\/\/www.facebook.com\/leviitrentodoc\/","article_modified_time":"2025-08-26T10:28:22+00:00","twitter_card":"summary_large_image","twitter_misc":{"Gesch\u00e4tzte Lesezeit":"6\u00a0Minuten"},"schema":{"@context":"https:\/\/schema.org","@graph":[{"@type":"WebPage","@id":"https:\/\/levii.it\/de\/weingut\/","url":"https:\/\/levii.it\/de\/weingut\/","name":"WEINGUT - Cantine Levii","isPartOf":{"@id":"https:\/\/levii.it\/de\/#website"},"datePublished":"2023-04-04T10:05:31+00:00","dateModified":"2025-08-26T10:28:22+00:00","description":"2012 ist das Gr\u00fcndungsjahr der Weinkellerei LEVII. Mit uns reist die Qualit\u00e4t des Trentodoc um die Welt und erz\u00e4hlt von einem Weinland.","breadcrumb":{"@id":"https:\/\/levii.it\/de\/weingut\/#breadcrumb"},"inLanguage":"de","potentialAction":[{"@type":"ReadAction","target":["https:\/\/levii.it\/de\/weingut\/"]}]},{"@type":"BreadcrumbList","@id":"https:\/\/levii.it\/de\/weingut\/#breadcrumb","itemListElement":[{"@type":"ListItem","position":1,"name":"Home","item":"https:\/\/levii.it\/de\/"},{"@type":"ListItem","position":2,"name":"WEINGUT"}]},{"@type":"WebSite","@id":"https:\/\/levii.it\/de\/#website","url":"https:\/\/levii.it\/de\/","name":"Cantine Levii","description":"Bollicine estreme ed eleganti tra le Dolomiti e il Garda","publisher":{"@id":"https:\/\/levii.it\/de\/#organization"},"alternateName":"LEVII TRENTODOC","potentialAction":[{"@type":"SearchAction","target":{"@type":"EntryPoint","urlTemplate":"https:\/\/levii.it\/de\/?s={search_term_string}"},"query-input":{"@type":"PropertyValueSpecification","valueRequired":true,"valueName":"search_term_string"}}],"inLanguage":"de"},{"@type":"Organization","@id":"https:\/\/levii.it\/de\/#organization","name":"Cantine Levii","url":"https:\/\/levii.it\/de\/","logo":{"@type":"ImageObject","inLanguage":"de","@id":"https:\/\/levii.it\/de\/#\/schema\/logo\/image\/","url":"https:\/\/levii.it\/wp-content\/uploads\/2023\/04\/banner-e1693427559620.jpg","contentUrl":"https:\/\/levii.it\/wp-content\/uploads\/2023\/04\/banner-e1693427559620.jpg","width":217,"height":209,"caption":"Cantine Levii"},"image":{"@id":"https:\/\/levii.it\/de\/#\/schema\/logo\/image\/"},"sameAs":["https:\/\/www.facebook.com\/leviitrentodoc\/","https:\/\/www.instagram.com\/levii_trentodoc\/"]}]}},"jetpack_sharing_enabled":true,"_links":{"self":[{"href":"https:\/\/levii.it\/de\/wp-json\/wp\/v2\/pages\/537","targetHints":{"allow":["GET"]}}],"collection":[{"href":"https:\/\/levii.it\/de\/wp-json\/wp\/v2\/pages"}],"about":[{"href":"https:\/\/levii.it\/de\/wp-json\/wp\/v2\/types\/page"}],"author":[{"embeddable":true,"href":"https:\/\/levii.it\/de\/wp-json\/wp\/v2\/users\/1"}],"replies":[{"embeddable":true,"href":"https:\/\/levii.it\/de\/wp-json\/wp\/v2\/comments?post=537"}],"version-history":[{"count":13,"href":"https:\/\/levii.it\/de\/wp-json\/wp\/v2\/pages\/537\/revisions"}],"predecessor-version":[{"id":866,"href":"https:\/\/levii.it\/de\/wp-json\/wp\/v2\/pages\/537\/revisions\/866"}],"wp:attachment":[{"href":"https:\/\/levii.it\/de\/wp-json\/wp\/v2\/media?parent=537"}],"curies":[{"name":"wp","href":"https:\/\/api.w.org\/{rel}","templated":true}]}}