{"id":549,"date":"2023-04-04T11:04:28","date_gmt":"2023-04-04T10:04:28","guid":{"rendered":"https:\/\/levii.it\/sortiment\/"},"modified":"2025-07-29T11:48:22","modified_gmt":"2025-07-29T10:48:22","slug":"sortiment","status":"publish","type":"page","link":"https:\/\/levii.it\/de\/sortiment\/","title":{"rendered":"SORTIMENT"},"content":{"rendered":"<p>[et_pb_section fb_built=&#8220;1&#8243; _builder_version=&#8220;4.20.2&#8243; _module_preset=&#8220;default&#8220; min_height=&#8220;1505.3px&#8220; custom_padding=&#8220;0px|||||&#8220; global_colors_info=&#8220;{}&#8220;][et_pb_row _builder_version=&#8220;4.20.2&#8243; _module_preset=&#8220;default&#8220; min_height=&#8220;74px&#8220; custom_padding=&#8220;17px|||||&#8220; global_colors_info=&#8220;{}&#8220;][et_pb_column type=&#8220;4_4&#8243; _builder_version=&#8220;4.20.2&#8243; _module_preset=&#8220;default&#8220; global_colors_info=&#8220;{}&#8220;][et_pb_text _builder_version=&#8220;4.20.2&#8243; _module_preset=&#8220;default&#8220; text_font_size=&#8220;23px&#8220; header_font_size=&#8220;37px&#8220; global_colors_info=&#8220;{}&#8220;]<\/p>\n<h1 style=\"text-align: center;\">SORTIMENT<\/h1>\n<p>[\/et_pb_text][\/et_pb_column][\/et_pb_row][et_pb_row _builder_version=&#8220;4.27.2&#8243; _module_preset=&#8220;default&#8220; global_colors_info=&#8220;{}&#8220;][et_pb_column type=&#8220;4_4&#8243; _builder_version=&#8220;4.27.2&#8243; _module_preset=&#8220;default&#8220; global_colors_info=&#8220;{}&#8220;][et_pb_text _builder_version=&#8220;4.27.2&#8243; _module_preset=&#8220;default&#8220; hover_enabled=&#8220;0&#8243; global_colors_info=&#8220;{}&#8220; sticky_enabled=&#8220;0&#8243;]<\/p>\n<p style=\"text-align: center;\">Die Bergperlen, die den Duft ihres Ursprungsortes tragen: die Giudicarie-T\u00e4ler<\/p>\n<p style=\"text-align: center;\">Traditionelle Schaumweine (M\u00e9thode Traditionnelle), hergestellt aus Chardonnay-, Pinot Noir- und Pinot Blanc-Trauben, die in den malerischen und pr\u00e4destinierten Weinbergen am Fu\u00dfe der Brenta-Dolomiten auf H\u00f6henlagen zwischen 650 und 800 Metern gelesen werden. An diesen H\u00e4ngen weht t\u00e4glich die Ora del Garda \u2013 eine sanfte Brise, die kurz nach Mittag aufsteigt \u2013 durch unsere Weinberge, sorgt f\u00fcr Bel\u00fcftung und sch\u00fctzt die Reben vor Pilzkrankheiten. So wird die hohe Qualit\u00e4t unserer Trauben stets gew\u00e4hrleistet.<\/p>\n<p style=\"text-align: center;\">Zeit und H\u00f6he \u2013 die grundlegenden Zutaten, die LEVII zu einem Bezugspunkt in der \u201ekleinen\/gro\u00dfen Welt\u201c des <a href=\"https:\/\/www.trentodoc.com\/it\/case-spumantistiche\/cantine-levii\/\">Trentodoc<\/a> machen<\/p>\n<p>[\/et_pb_text][\/et_pb_column][\/et_pb_row][et_pb_row column_structure=&#8220;1_3,1_3,1_3&#8243; _builder_version=&#8220;4.20.2&#8243; _module_preset=&#8220;default&#8220; custom_margin=&#8220;-5px|auto||auto||&#8220; global_colors_info=&#8220;{}&#8220;][et_pb_column type=&#8220;1_3&#8243; _builder_version=&#8220;4.20.2&#8243; _module_preset=&#8220;default&#8220; global_colors_info=&#8220;{}&#8220;][\/et_pb_column][et_pb_column type=&#8220;1_3&#8243; _builder_version=&#8220;4.20.2&#8243; _module_preset=&#8220;default&#8220; global_colors_info=&#8220;{}&#8220;][et_pb_image src=&#8220;https:\/\/levii.it\/wp-content\/uploads\/2023\/04\/collection1-e1692277201763.jpg&#8220; title_text=&#8220;collection1&#8243; _builder_version=&#8220;4.27.2&#8243; _module_preset=&#8220;default&#8220; module_alignment=&#8220;center&#8220; global_colors_info=&#8220;{}&#8220;][\/et_pb_image][et_pb_text _builder_version=&#8220;4.27.2&#8243; _module_preset=&#8220;default&#8220; text_font_size=&#8220;18px&#8220; global_colors_info=&#8220;{}&#8220;]<\/p>\n<p style=\"text-align: center;\">LEVII BRUT<br \/>TRENTO DOC<br \/> *<\/p>\n<p>&nbsp;<\/p>\n<p>[\/et_pb_text][\/et_pb_column][et_pb_column type=&#8220;1_3&#8243; _builder_version=&#8220;4.20.2&#8243; _module_preset=&#8220;default&#8220; global_colors_info=&#8220;{}&#8220;][\/et_pb_column][\/et_pb_row][et_pb_row column_structure=&#8220;1_3,1_3,1_3&#8243; _builder_version=&#8220;4.20.2&#8243; _module_preset=&#8220;default&#8220; global_colors_info=&#8220;{}&#8220;][et_pb_column type=&#8220;1_3&#8243; _builder_version=&#8220;4.20.2&#8243; _module_preset=&#8220;default&#8220; global_colors_info=&#8220;{}&#8220;][et_pb_image src=&#8220;https:\/\/levii.it\/wp-content\/uploads\/2023\/04\/collection3.jpg&#8220; title_text=&#8220;collection3&#8243; _builder_version=&#8220;4.27.2&#8243; _module_preset=&#8220;default&#8220; global_colors_info=&#8220;{}&#8220;][\/et_pb_image][et_pb_text _builder_version=&#8220;4.27.2&#8243; _module_preset=&#8220;default&#8220; text_font_size=&#8220;18px&#8220; global_colors_info=&#8220;{}&#8220;]<\/p>\n<p style=\"text-align: center;\">LEVII EXTRA BRUT<br \/>MILLESIMATO TRENTO DOC<br \/> *<\/p>\n<p>[\/et_pb_text][\/et_pb_column][et_pb_column type=&#8220;1_3&#8243; _builder_version=&#8220;4.20.2&#8243; _module_preset=&#8220;default&#8220; global_colors_info=&#8220;{}&#8220;][et_pb_image src=&#8220;https:\/\/levii.it\/wp-content\/uploads\/2024\/04\/levii_rose_ok.jpg&#8220; title_text=&#8220;levii_rose_ok&#8220; _builder_version=&#8220;4.20.4&#8243; _module_preset=&#8220;default&#8220; custom_padding=&#8220;|||0px||&#8220; global_colors_info=&#8220;{}&#8220;][\/et_pb_image][et_pb_text _builder_version=&#8220;4.27.2&#8243; _module_preset=&#8220;default&#8220; text_font_size=&#8220;18px&#8220; global_colors_info=&#8220;{}&#8220;]<\/p>\n<p style=\"text-align: center;\">LEVII ROSE&#8216; EXTRA BRUT<br \/>MILLESIMATO TRENTO DOC<br \/> *<\/p>\n<p>[\/et_pb_text][\/et_pb_column][et_pb_column type=&#8220;1_3&#8243; _builder_version=&#8220;4.20.2&#8243; _module_preset=&#8220;default&#8220; global_colors_info=&#8220;{}&#8220;][et_pb_image src=&#8220;https:\/\/levii.it\/wp-content\/uploads\/2023\/04\/collection2.jpg&#8220; title_text=&#8220;collection2&#8243; _builder_version=&#8220;4.27.2&#8243; _module_preset=&#8220;default&#8220; global_colors_info=&#8220;{}&#8220;][\/et_pb_image][et_pb_text _builder_version=&#8220;4.27.2&#8243; _module_preset=&#8220;default&#8220; text_font_size=&#8220;18px&#8220; global_colors_info=&#8220;{}&#8220;]<\/p>\n<p style=\"text-align: center;\">LEVII PAS DOSE<br \/>MILLESIMATO TRENTO DOC<br \/> *<\/p>\n<p>[\/et_pb_text][\/et_pb_column][\/et_pb_row][et_pb_row column_structure=&#8220;1_3,1_3,1_3&#8243; _builder_version=&#8220;4.27.2&#8243; _module_preset=&#8220;default&#8220; global_colors_info=&#8220;{}&#8220;][et_pb_column type=&#8220;1_3&#8243; _builder_version=&#8220;4.27.2&#8243; _module_preset=&#8220;default&#8220; global_colors_info=&#8220;{}&#8220;][\/et_pb_column][et_pb_column type=&#8220;1_3&#8243; _builder_version=&#8220;4.27.2&#8243; _module_preset=&#8220;default&#8220; global_colors_info=&#8220;{}&#8220;][et_pb_image src=&#8220;https:\/\/levii.it\/wp-content\/uploads\/2023\/04\/collection4.jpg&#8220; title_text=&#8220;collection4&#8243; _builder_version=&#8220;4.27.2&#8243; _module_preset=&#8220;default&#8220; global_colors_info=&#8220;{}&#8220;][\/et_pb_image][et_pb_text _builder_version=&#8220;4.27.2&#8243; _module_preset=&#8220;default&#8220; text_font_size=&#8220;18px&#8220; global_colors_info=&#8220;{}&#8220;]<\/p>\n<p style=\"text-align: center;\">LEVII RISERVA BRUT<br \/>TRENTO DOC<br \/> *<\/p>\n<p>[\/et_pb_text][\/et_pb_column][et_pb_column type=&#8220;1_3&#8243; _builder_version=&#8220;4.27.2&#8243; _module_preset=&#8220;default&#8220; global_colors_info=&#8220;{}&#8220;][et_pb_image src=&#8220;https:\/\/levii.it\/wp-content\/uploads\/2025\/02\/Couvee-del-bene-.jpg&#8220; title_text=&#8220;Gutes Couvee&#8220; _builder_version=&#8220;4.27.2&#8243; _module_preset=&#8220;default&#8220; global_colors_info=&#8220;{}&#8220;][\/et_pb_image][et_pb_text _builder_version=&#8220;4.27.2&#8243; _module_preset=&#8220;default&#8220; text_font_size=&#8220;18px&#8220; global_colors_info=&#8220;{}&#8220;]<\/p>\n<p style=\"text-align: center;\">LEVII COUVEE DEL BENE<br \/>RISERVA EXTRA BRUT TRENTO DOC<br \/> *<\/p>\n<p>[\/et_pb_text][\/et_pb_column][\/et_pb_row][\/et_pb_section]<\/p>\n","protected":false},"excerpt":{"rendered":"<p>SORTIMENTDie Bergperlen, die den Duft ihres Ursprungsortes tragen: die Giudicarie-T\u00e4ler Traditionelle Schaumweine (M\u00e9thode Traditionnelle), hergestellt aus Chardonnay-, Pinot Noir- und Pinot Blanc-Trauben, die in den malerischen und pr\u00e4destinierten Weinbergen am Fu\u00dfe der Brenta-Dolomiten auf H\u00f6henlagen zwischen 650 und 800 Metern gelesen werden. An diesen H\u00e4ngen weht t\u00e4glich die Ora del Garda \u2013 eine sanfte Brise, [&hellip;]<\/p>\n","protected":false},"author":1,"featured_media":0,"parent":0,"menu_order":0,"comment_status":"closed","ping_status":"closed","template":"","meta":{"_et_pb_use_builder":"on","_et_pb_old_content":"","_et_gb_content_width":"","footnotes":""},"class_list":["post-549","page","type-page","status-publish","hentry"],"yoast_head":"<!-- This site is optimized with the Yoast SEO plugin v27.4 - https:\/\/yoast.com\/product\/yoast-seo-wordpress\/ -->\n<title>SORTIMENT - Cantine Levii<\/title>\n<meta name=\"description\" content=\"La collezione delle cantine LEVII: cinque trentodoc dalle diverse sfumature con un uso sapiente di Chardonnay e Pinot Nero.\" \/>\n<meta name=\"robots\" content=\"index, follow, max-snippet:-1, max-image-preview:large, max-video-preview:-1\" \/>\n<link rel=\"canonical\" href=\"https:\/\/levii.it\/de\/sortiment\/\" \/>\n<meta property=\"og:locale\" content=\"de_DE\" \/>\n<meta property=\"og:type\" content=\"article\" \/>\n<meta property=\"og:title\" content=\"SORTIMENT - Cantine Levii\" \/>\n<meta property=\"og:description\" content=\"La collezione delle cantine LEVII: cinque trentodoc dalle diverse sfumature con un uso sapiente di Chardonnay e Pinot Nero.\" \/>\n<meta property=\"og:url\" content=\"https:\/\/levii.it\/de\/sortiment\/\" \/>\n<meta property=\"og:site_name\" content=\"Cantine Levii\" \/>\n<meta property=\"article:publisher\" content=\"https:\/\/www.facebook.com\/leviitrentodoc\/\" \/>\n<meta property=\"article:modified_time\" content=\"2025-07-29T10:48:22+00:00\" \/>\n<meta name=\"twitter:card\" content=\"summary_large_image\" \/>\n<meta name=\"twitter:label1\" content=\"Gesch\u00e4tzte Lesezeit\" \/>\n\t<meta name=\"twitter:data1\" content=\"4\u00a0Minuten\" \/>\n<script type=\"application\/ld+json\" class=\"yoast-schema-graph\">{\"@context\":\"https:\\\/\\\/schema.org\",\"@graph\":[{\"@type\":\"WebPage\",\"@id\":\"https:\\\/\\\/levii.it\\\/de\\\/sortiment\\\/\",\"url\":\"https:\\\/\\\/levii.it\\\/de\\\/sortiment\\\/\",\"name\":\"SORTIMENT - Cantine Levii\",\"isPartOf\":{\"@id\":\"https:\\\/\\\/levii.it\\\/de\\\/#website\"},\"datePublished\":\"2023-04-04T10:04:28+00:00\",\"dateModified\":\"2025-07-29T10:48:22+00:00\",\"description\":\"La collezione delle cantine LEVII: cinque trentodoc dalle diverse sfumature con un uso sapiente di Chardonnay e Pinot Nero.\",\"breadcrumb\":{\"@id\":\"https:\\\/\\\/levii.it\\\/de\\\/sortiment\\\/#breadcrumb\"},\"inLanguage\":\"de\",\"potentialAction\":[{\"@type\":\"ReadAction\",\"target\":[\"https:\\\/\\\/levii.it\\\/de\\\/sortiment\\\/\"]}]},{\"@type\":\"BreadcrumbList\",\"@id\":\"https:\\\/\\\/levii.it\\\/de\\\/sortiment\\\/#breadcrumb\",\"itemListElement\":[{\"@type\":\"ListItem\",\"position\":1,\"name\":\"Home\",\"item\":\"https:\\\/\\\/levii.it\\\/de\\\/\"},{\"@type\":\"ListItem\",\"position\":2,\"name\":\"SORTIMENT\"}]},{\"@type\":\"WebSite\",\"@id\":\"https:\\\/\\\/levii.it\\\/de\\\/#website\",\"url\":\"https:\\\/\\\/levii.it\\\/de\\\/\",\"name\":\"Cantine Levii\",\"description\":\"Bollicine estreme ed eleganti tra le Dolomiti e il Garda\",\"publisher\":{\"@id\":\"https:\\\/\\\/levii.it\\\/de\\\/#organization\"},\"alternateName\":\"LEVII TRENTODOC\",\"potentialAction\":[{\"@type\":\"SearchAction\",\"target\":{\"@type\":\"EntryPoint\",\"urlTemplate\":\"https:\\\/\\\/levii.it\\\/de\\\/?s={search_term_string}\"},\"query-input\":{\"@type\":\"PropertyValueSpecification\",\"valueRequired\":true,\"valueName\":\"search_term_string\"}}],\"inLanguage\":\"de\"},{\"@type\":\"Organization\",\"@id\":\"https:\\\/\\\/levii.it\\\/de\\\/#organization\",\"name\":\"Cantine Levii\",\"url\":\"https:\\\/\\\/levii.it\\\/de\\\/\",\"logo\":{\"@type\":\"ImageObject\",\"inLanguage\":\"de\",\"@id\":\"https:\\\/\\\/levii.it\\\/de\\\/#\\\/schema\\\/logo\\\/image\\\/\",\"url\":\"https:\\\/\\\/levii.it\\\/wp-content\\\/uploads\\\/2023\\\/04\\\/banner-e1693427559620.jpg\",\"contentUrl\":\"https:\\\/\\\/levii.it\\\/wp-content\\\/uploads\\\/2023\\\/04\\\/banner-e1693427559620.jpg\",\"width\":217,\"height\":209,\"caption\":\"Cantine Levii\"},\"image\":{\"@id\":\"https:\\\/\\\/levii.it\\\/de\\\/#\\\/schema\\\/logo\\\/image\\\/\"},\"sameAs\":[\"https:\\\/\\\/www.facebook.com\\\/leviitrentodoc\\\/\",\"https:\\\/\\\/www.instagram.com\\\/levii_trentodoc\\\/\"]}]}<\/script>\n<!-- \/ Yoast SEO plugin. -->","yoast_head_json":{"title":"SORTIMENT - Cantine Levii","description":"La collezione delle cantine LEVII: cinque trentodoc dalle diverse sfumature con un uso sapiente di Chardonnay e Pinot Nero.","robots":{"index":"index","follow":"follow","max-snippet":"max-snippet:-1","max-image-preview":"max-image-preview:large","max-video-preview":"max-video-preview:-1"},"canonical":"https:\/\/levii.it\/de\/sortiment\/","og_locale":"de_DE","og_type":"article","og_title":"SORTIMENT - Cantine Levii","og_description":"La collezione delle cantine LEVII: cinque trentodoc dalle diverse sfumature con un uso sapiente di Chardonnay e Pinot Nero.","og_url":"https:\/\/levii.it\/de\/sortiment\/","og_site_name":"Cantine Levii","article_publisher":"https:\/\/www.facebook.com\/leviitrentodoc\/","article_modified_time":"2025-07-29T10:48:22+00:00","twitter_card":"summary_large_image","twitter_misc":{"Gesch\u00e4tzte Lesezeit":"4\u00a0Minuten"},"schema":{"@context":"https:\/\/schema.org","@graph":[{"@type":"WebPage","@id":"https:\/\/levii.it\/de\/sortiment\/","url":"https:\/\/levii.it\/de\/sortiment\/","name":"SORTIMENT - Cantine Levii","isPartOf":{"@id":"https:\/\/levii.it\/de\/#website"},"datePublished":"2023-04-04T10:04:28+00:00","dateModified":"2025-07-29T10:48:22+00:00","description":"La collezione delle cantine LEVII: cinque trentodoc dalle diverse sfumature con un uso sapiente di Chardonnay e Pinot Nero.","breadcrumb":{"@id":"https:\/\/levii.it\/de\/sortiment\/#breadcrumb"},"inLanguage":"de","potentialAction":[{"@type":"ReadAction","target":["https:\/\/levii.it\/de\/sortiment\/"]}]},{"@type":"BreadcrumbList","@id":"https:\/\/levii.it\/de\/sortiment\/#breadcrumb","itemListElement":[{"@type":"ListItem","position":1,"name":"Home","item":"https:\/\/levii.it\/de\/"},{"@type":"ListItem","position":2,"name":"SORTIMENT"}]},{"@type":"WebSite","@id":"https:\/\/levii.it\/de\/#website","url":"https:\/\/levii.it\/de\/","name":"Cantine Levii","description":"Bollicine estreme ed eleganti tra le Dolomiti e il Garda","publisher":{"@id":"https:\/\/levii.it\/de\/#organization"},"alternateName":"LEVII TRENTODOC","potentialAction":[{"@type":"SearchAction","target":{"@type":"EntryPoint","urlTemplate":"https:\/\/levii.it\/de\/?s={search_term_string}"},"query-input":{"@type":"PropertyValueSpecification","valueRequired":true,"valueName":"search_term_string"}}],"inLanguage":"de"},{"@type":"Organization","@id":"https:\/\/levii.it\/de\/#organization","name":"Cantine Levii","url":"https:\/\/levii.it\/de\/","logo":{"@type":"ImageObject","inLanguage":"de","@id":"https:\/\/levii.it\/de\/#\/schema\/logo\/image\/","url":"https:\/\/levii.it\/wp-content\/uploads\/2023\/04\/banner-e1693427559620.jpg","contentUrl":"https:\/\/levii.it\/wp-content\/uploads\/2023\/04\/banner-e1693427559620.jpg","width":217,"height":209,"caption":"Cantine Levii"},"image":{"@id":"https:\/\/levii.it\/de\/#\/schema\/logo\/image\/"},"sameAs":["https:\/\/www.facebook.com\/leviitrentodoc\/","https:\/\/www.instagram.com\/levii_trentodoc\/"]}]}},"jetpack_sharing_enabled":true,"_links":{"self":[{"href":"https:\/\/levii.it\/de\/wp-json\/wp\/v2\/pages\/549","targetHints":{"allow":["GET"]}}],"collection":[{"href":"https:\/\/levii.it\/de\/wp-json\/wp\/v2\/pages"}],"about":[{"href":"https:\/\/levii.it\/de\/wp-json\/wp\/v2\/types\/page"}],"author":[{"embeddable":true,"href":"https:\/\/levii.it\/de\/wp-json\/wp\/v2\/users\/1"}],"replies":[{"embeddable":true,"href":"https:\/\/levii.it\/de\/wp-json\/wp\/v2\/comments?post=549"}],"version-history":[{"count":11,"href":"https:\/\/levii.it\/de\/wp-json\/wp\/v2\/pages\/549\/revisions"}],"predecessor-version":[{"id":859,"href":"https:\/\/levii.it\/de\/wp-json\/wp\/v2\/pages\/549\/revisions\/859"}],"wp:attachment":[{"href":"https:\/\/levii.it\/de\/wp-json\/wp\/v2\/media?parent=549"}],"curies":[{"name":"wp","href":"https:\/\/api.w.org\/{rel}","templated":true}]}}