{"id":563,"date":"2023-04-04T11:05:07","date_gmt":"2023-04-04T10:05:07","guid":{"rendered":"https:\/\/levii.it\/weinland\/"},"modified":"2024-04-21T09:06:14","modified_gmt":"2024-04-21T08:06:14","slug":"weinland","status":"publish","type":"page","link":"https:\/\/levii.it\/de\/weinland\/","title":{"rendered":"WEINLAND"},"content":{"rendered":"<p>[et_pb_section fb_built=&#8220;1&#8243; _builder_version=&#8220;4.20.2&#8243; _module_preset=&#8220;default&#8220; min_height=&#8220;1505.3px&#8220; global_colors_info=&#8220;{}&#8220; custom_padding=&#8220;0px|||||&#8220;][et_pb_row _builder_version=&#8220;4.20.2&#8243; _module_preset=&#8220;default&#8220; min_height=&#8220;74px&#8220; custom_padding=&#8220;17px|||||&#8220; global_colors_info=&#8220;{}&#8220;][et_pb_column type=&#8220;4_4&#8243; _builder_version=&#8220;4.20.2&#8243; _module_preset=&#8220;default&#8220; global_colors_info=&#8220;{}&#8220;][et_pb_text _builder_version=&#8220;4.20.2&#8243; _module_preset=&#8220;default&#8220; text_font_size=&#8220;23px&#8220; header_font_size=&#8220;37px&#8220; global_colors_info=&#8220;{}&#8220;]<\/p>\n<h1 style=\"text-align: center;\">WEINLAND<\/h1>\n<p>[\/et_pb_text][\/et_pb_column][\/et_pb_row][et_pb_row _builder_version=&#8220;4.20.2&#8243; _module_preset=&#8220;default&#8220; global_colors_info=&#8220;{}&#8220;][et_pb_column type=&#8220;4_4&#8243; _builder_version=&#8220;4.20.2&#8243; _module_preset=&#8220;default&#8220; global_colors_info=&#8220;{}&#8220;][et_pb_text _builder_version=&#8220;4.20.2&#8243; _module_preset=&#8220;default&#8220; global_colors_info=&#8220;{}&#8220;]<\/p>\n<p>Unter Terroir versteht man die Gesamtheit der verschiedenen typischen Faktoren, die nicht nur von den Umweltmerkmalen eines Gebietes, sondern auch von den Anbaumethoden abh\u00e4ngen. Diese Faktoren sind in der Lage, aktiv auf die Trauben einzuwirken und den Weinen einzigartige Eigenschaften zu verleihen. In diesem Sinne entfaltet das Gebiet von Bleggio und Stenico sein maximales Potenzial bei der Produktion von Grundweinen f\u00fcr die Herstellung von Schaumweinen nach der traditionellen Methode.<\/p>\n<p>Das Zusammenspiel der Umweltfaktoren und der Weinbereitung ergibt einzigartige und unverwechselbare Schaumweine mit aromatischem und sinnlichem Bouquet.<\/p>\n<p>[\/et_pb_text][\/et_pb_column][\/et_pb_row][et_pb_row _builder_version=&#8220;4.20.2&#8243; _module_preset=&#8220;default&#8220; global_colors_info=&#8220;{}&#8220;][et_pb_column type=&#8220;4_4&#8243; _builder_version=&#8220;4.20.2&#8243; _module_preset=&#8220;default&#8220; global_colors_info=&#8220;{}&#8220;][et_pb_text _builder_version=&#8220;4.20.2&#8243; _module_preset=&#8220;default&#8220; header_2_text_color=&#8220;#7CDA24&#8243; global_colors_info=&#8220;{}&#8220;]<\/p>\n<h2 style=\"text-align: center;\">Judikarien<\/h2>\n<p>[\/et_pb_text][\/et_pb_column][\/et_pb_row][et_pb_row _builder_version=&#8220;4.20.2&#8243; _module_preset=&#8220;default&#8220; global_colors_info=&#8220;{}&#8220;][et_pb_column type=&#8220;4_4&#8243; _builder_version=&#8220;4.20.2&#8243; _module_preset=&#8220;default&#8220; global_colors_info=&#8220;{}&#8220;][et_pb_text _builder_version=&#8220;4.20.2&#8243; _module_preset=&#8220;default&#8220; global_colors_info=&#8220;{}&#8220;]<\/p>\n<p>Die \u00c4u\u00dferen Judikarien sind ein Biosph\u00e4renreservat der Unesco. Sie erstrecken sich im westlichen Teil des Trentino zwischen den Brenta-Dolomiten und dem Gardasee. Aufgrund dieser Merkmale kann man sie als ein echtes Mittelland bezeichnen. Das Tal gliedert sich in die drei Ortschaften Banale, Lomaso und Bleggio. In der Talsohle befinden sich die Thermen von Comano, ein international bekanntes Zentrum f\u00fcr Hautpflege.<\/p>\n<p>[\/et_pb_text][et_pb_image src=&#8220;https:\/\/levii.it\/wp-content\/uploads\/2023\/04\/slide1.jpg&#8220; alt=&#8220;giu&#8220; title_text=&#8220;Judikarien&#8220; _builder_version=&#8220;4.20.2&#8243; _module_preset=&#8220;default&#8220; global_colors_info=&#8220;{}&#8220;][\/et_pb_image][et_pb_text _builder_version=&#8220;4.20.2&#8243; _module_preset=&#8220;default&#8220; global_colors_info=&#8220;{}&#8220;]<\/p>\n<p>Das gesamte Tal zeichnet sich durch eine gesunde und unbelastete Umwelt aus: Es gibt keine umweltbelastenden Fabriken und eine vielf\u00e4ltige und nachhaltige Landwirtschaft, die die lokale Flora und Fauna bewahrt. Die Weinberge befinden sich ausschlie\u00dflich in den besten Lagen. Dadurch wird die Qualit\u00e4t des Terroirs verst\u00e4rkt. Es handelt sich um seltene, wertvolle B\u00f6den, die beste Schaumweine hervorbringen.<\/p>\n<p>In den anderen Gebieten sind die Bedingungen etwas anders und f\u00fcr andere Kulturen geeignet. Angebaut werden \u00c4pfel, Kirschen, Beerenobst, Kartoffeln, Gem\u00fcse und Kr\u00e4uter, aber auch Viehfutter. Ein Gro\u00dfteil dieser Produkte wird direkt in den landwirtschaftlichen Betrieben verarbeitet. Das Gebiet zeichnet sich durch ein besonderes Bergklima aus, das durch den Einfluss des Gardasees gepr\u00e4gt ist und ideale Bedingungen f\u00fcr die Erzeugung qualitativ hochwertiger Produkte bietet.<\/p>\n<p>[\/et_pb_text][\/et_pb_column][\/et_pb_row][et_pb_row _builder_version=&#8220;4.20.2&#8243; _module_preset=&#8220;default&#8220; global_colors_info=&#8220;{}&#8220;][et_pb_column type=&#8220;4_4&#8243; _builder_version=&#8220;4.20.2&#8243; _module_preset=&#8220;default&#8220; global_colors_info=&#8220;{}&#8220;][et_pb_text _builder_version=&#8220;4.20.2&#8243; _module_preset=&#8220;default&#8220; header_2_text_color=&#8220;#7CDA24&#8243; global_colors_info=&#8220;{}&#8220;]<\/p>\n<h2 style=\"text-align: center;\">Brenta-Dolomiten<\/h2>\n<p>[\/et_pb_text][\/et_pb_column][\/et_pb_row][et_pb_row _builder_version=&#8220;4.20.2&#8243; _module_preset=&#8220;default&#8220; global_colors_info=&#8220;{}&#8220;][et_pb_column type=&#8220;4_4&#8243; _builder_version=&#8220;4.20.2&#8243; _module_preset=&#8220;default&#8220; global_colors_info=&#8220;{}&#8220;][et_pb_text _builder_version=&#8220;4.20.2&#8243; _module_preset=&#8220;default&#8220; global_colors_info=&#8220;{}&#8220;]<\/p>\n<p>Die Brenta-Dolomiten beherrschen das Tal, an dessen H\u00e4ngen unsere Weinberge liegen. Sie bilden eine wundersch\u00f6ne Berglandschaft, die von der Unesco zum Weltnaturerbe erkl\u00e4rt wurde. Ihre Pr\u00e4senz ist sehr wichtig, da sie die richtige H\u00f6he, Sonneneinstrahlung und Temperatur f\u00fcr die Produktion der besten Trauben f\u00fcr unsere Trento Doc-Weine garantiert.<\/p>\n<p>[\/et_pb_text][et_pb_image src=&#8220;https:\/\/levii.it\/wp-content\/uploads\/2023\/04\/slide9.jpg&#8220; title_text=&#8220;slide9&#8243; _builder_version=&#8220;4.20.2&#8243; _module_preset=&#8220;default&#8220; global_colors_info=&#8220;{}&#8220;][\/et_pb_image][\/et_pb_column][\/et_pb_row][et_pb_row _builder_version=&#8220;4.20.2&#8243; _module_preset=&#8220;default&#8220; global_colors_info=&#8220;{}&#8220;][et_pb_column type=&#8220;4_4&#8243; _builder_version=&#8220;4.20.2&#8243; _module_preset=&#8220;default&#8220; global_colors_info=&#8220;{}&#8220;][et_pb_text _builder_version=&#8220;4.20.2&#8243; _module_preset=&#8220;default&#8220; header_2_text_color=&#8220;#7CDA24&#8243; global_colors_info=&#8220;{}&#8220;]<\/p>\n<h2 style=\"text-align: center;\">Dadurch entstehen gute Weine<\/h2>\n<p>[\/et_pb_text][\/et_pb_column][\/et_pb_row][et_pb_row column_structure=&#8220;1_3,1_3,1_3&#8243; _builder_version=&#8220;4.20.2&#8243; _module_preset=&#8220;default&#8220; global_colors_info=&#8220;{}&#8220;][et_pb_column type=&#8220;1_3&#8243; _builder_version=&#8220;4.20.2&#8243; _module_preset=&#8220;default&#8220; global_colors_info=&#8220;{}&#8220;][et_pb_accordion _builder_version=&#8220;4.20.2&#8243; _module_preset=&#8220;default&#8220; global_colors_info=&#8220;{}&#8220;][et_pb_accordion_item title=&#8220;Wind&#8220; open=&#8220;on&#8220; _builder_version=&#8220;4.20.2&#8243; _module_preset=&#8220;default&#8220; global_colors_info=&#8220;{}&#8220;]<\/p>\n<p><img loading=\"lazy\" decoding=\"async\" src=\"https:\/\/levii.it\/wp-content\/uploads\/2023\/04\/garda-300x225.jpg\" width=\"300\" height=\"225\" alt=\"\" class=\"wp-image-175 alignnone size-medium\"><\/p>\n<p>Die Ora ist der warme S\u00fcdwind, der in den Nachmittagsstunden vom Gardasee nach Norden bis zu unserem Weingut weht.<\/p>\n<p>Die Ora erh\u00f6ht die t\u00e4gliche Temperaturschwankung, bel\u00fcftet den Weinberg, beugt Pilzkrankheiten vor und mildert das raue Winterklima der Region, so dass die Reben besser \u00fcberleben k\u00f6nnen.<\/p>\n<p>[\/et_pb_accordion_item][et_pb_accordion_item title=&#8220;H\u00f6henlage&#8220; _builder_version=&#8220;4.20.2&#8243; _module_preset=&#8220;default&#8220; global_colors_info=&#8220;{}&#8220; open=&#8220;off&#8220;]<\/p>\n<p><img loading=\"lazy\" decoding=\"async\" src=\"https:\/\/levii.it\/wp-content\/uploads\/2023\/04\/chiave4-300x206.jpg\" width=\"300\" height=\"206\" alt=\"\" class=\"wp-image-177 alignnone size-medium\"><\/p>\n<p>Unsere Weinberge liegen auf einer durchschnittlichen H\u00f6he von ca. 650 Metern \u00fcber dem Meeresspiegel. Dies garantiert die Produktion von Trento Doc-Trauben h\u00f6chster Qualit\u00e4t.<\/p>\n<p>Die H\u00f6henlage verleiht den Weinen zudem Finesse, Frische und Langlebigkeit.<\/p>\n<p>[\/et_pb_accordion_item][et_pb_accordion_item title=&#8220;Steile H\u00e4nge&#8220; _builder_version=&#8220;4.20.2&#8243; _module_preset=&#8220;default&#8220; global_colors_info=&#8220;{}&#8220; open=&#8220;off&#8220;]<\/p>\n<p>Die Weinberge von LEVII sind an steilen H\u00e4ngen mit einer Neigung von mindestens 15 % und h\u00f6chstens 45 % angelegt. Diese Lage bringt zwar technische, wirtschaftliche und betriebswirtschaftliche Nachteile mit sich, garantiert aber eine gute Exposition und Sonneneinstrahlung, die in einem Berggebiet unerl\u00e4sslich sind.<\/p>\n<p>[\/et_pb_accordion_item][et_pb_accordion_item title=&#8220;Rebstockdichte&#8220; _builder_version=&#8220;4.20.2&#8243; _module_preset=&#8220;default&#8220; global_colors_info=&#8220;{}&#8220; open=&#8220;off&#8220;]<\/p>\n<p><img loading=\"lazy\" decoding=\"async\" src=\"https:\/\/levii.it\/wp-content\/uploads\/2023\/04\/chiave11-1-300x225.jpg\" width=\"300\" height=\"225\" alt=\"\" class=\"wp-image-178 alignnone size-medium\"><\/p>\n<p>In jedem Weinberg werden mehr als 7.000 Rebst\u00f6cke pro Hektar gepflanzt. Dies hat viele positive Auswirkungen. Die Konkurrenz unter den Reben zwingt sie, tiefer zu wurzeln, wodurch sie Trockenstress besser \u00fcberstehen und mit dem Boden interagieren. Die Terroir-Effekte, die mit der felsigen Matrix in Verbindung stehen, werden auf diese Weise verst\u00e4rkt. Au\u00dferdem wird die vegetative Kraft der Pflanzen reduziert. Dies macht sie weniger anf\u00e4llig f\u00fcr Krankheiten und f\u00fchrt zu einer geringeren Traubenproduktion pro Rebstock.<\/p>\n<p>[\/et_pb_accordion_item][\/et_pb_accordion][\/et_pb_column][et_pb_column type=&#8220;1_3&#8243; _builder_version=&#8220;4.20.2&#8243; _module_preset=&#8220;default&#8220; global_colors_info=&#8220;{}&#8220;][et_pb_accordion _builder_version=&#8220;4.20.2&#8243; _module_preset=&#8220;default&#8220; global_colors_info=&#8220;{}&#8220;][et_pb_accordion_item title=&#8220;Temperatur&#8220; open=&#8220;on&#8220; _builder_version=&#8220;4.20.2&#8243; _module_preset=&#8220;default&#8220; global_colors_info=&#8220;{}&#8220;]<\/p>\n<p><img loading=\"lazy\" decoding=\"async\" src=\"https:\/\/levii.it\/wp-content\/uploads\/2023\/04\/chiave17-300x206.jpg\" width=\"300\" height=\"206\" alt=\"\" class=\"wp-image-176 alignnone size-medium\"><\/p>\n<p>Das typische Bergklima zeichnet sich durch gro\u00dfe t\u00e4gliche Temperaturschwankungen aus, die sich stark auf die chemischen und organoleptischen Eigenschaften der Trauben auswirken. Einerseits sorgen sie f\u00fcr einen ausreichenden S\u00e4uregehalt, auch wenn die Trauben bereits voll ausgereift sind, andererseits beg\u00fcnstigen sie die Speicherung von Aromastoffen.<\/p>\n<p>In den Weinbergen von LEVII werden diese Temperaturschwankungen durch die Ora, den warmen S\u00fcdwind vom Gardasee, und die k\u00fchle Brise, die von den Brenta-Dolomiten herabweht, verst\u00e4rkt.<\/p>\n<p>[\/et_pb_accordion_item][et_pb_accordion_item title=&#8220;Handlese&#8220; _builder_version=&#8220;4.20.2&#8243; _module_preset=&#8220;default&#8220; global_colors_info=&#8220;{}&#8220; open=&#8220;off&#8220;]<\/p>\n<p><img loading=\"lazy\" decoding=\"async\" src=\"https:\/\/levii.it\/wp-content\/uploads\/2023\/04\/chiave7-1-300x225.jpg\" width=\"300\" height=\"225\" alt=\"\" class=\"wp-image-133 alignnone size-medium\"><\/p>\n<p>Bei der Handlese wird besonders auf die Gesundheit der Trauben geachtet. So werden die Trauben einzeln verlesen, die schadhaften Trauben aussortiert und in kleinen Kisten zusammengetragen. Das Zerquetschen der Trauben und das daraus resultierende Auslaufen des Mostes wird vermieden, so dass es nicht zu einer Oxidation der Trauben kommen kann. So bleiben die Trauben beim kurzen Transport in die Kellerei gesund.<\/p>\n<p>[\/et_pb_accordion_item][et_pb_accordion_item title=&#8220;TRADITIONELLE METHODE \u2013 TRENTODOC&#8220; _builder_version=&#8220;4.20.2&#8243; _module_preset=&#8220;default&#8220; global_colors_info=&#8220;{}&#8220; open=&#8220;off&#8220;]<\/p>\n<p>Mehr dazu:<\/p>\n<p>TRADITIONELLE METHODE \u2013 TRENTODOC https:\/\/levii.it\/<a href=\"https:\/\/www.trentodoc.com\/it\/il-metodo-classico\/\" target=\"_blank\" rel=\"noopener\"><\/a><\/p>\n<p>[\/et_pb_accordion_item][et_pb_accordion_item title=&#8220;Lange Reifung&#8220; _builder_version=&#8220;4.20.2&#8243; _module_preset=&#8220;default&#8220; global_colors_info=&#8220;{}&#8220; open=&#8220;off&#8220;]<\/p>\n<p>Eine qualit\u00e4tsorientierte Produktionsphilosophie muss dem Verbraucher ein einwandfreies Produkt garantieren. Deshalb wird bei LEVII kompromisslos auf eine Mindestreifezeit von 30 Monaten auf der Hefe geachtet, um dem Wein die richtigen Qualit\u00e4tsmerkmale zu verleihen.<\/p>\n<p>[\/et_pb_accordion_item][\/et_pb_accordion][\/et_pb_column][et_pb_column type=&#8220;1_3&#8243; _builder_version=&#8220;4.20.2&#8243; _module_preset=&#8220;default&#8220; global_colors_info=&#8220;{}&#8220;][et_pb_accordion _builder_version=&#8220;4.20.2&#8243; _module_preset=&#8220;default&#8220; global_colors_info=&#8220;{}&#8220;][et_pb_accordion_item title=&#8220;Exposition und Sonneneinstrahlung&#8220; open=&#8220;on&#8220; _builder_version=&#8220;4.20.2&#8243; _module_preset=&#8220;default&#8220; global_colors_info=&#8220;{}&#8220;]<\/p>\n<p><img loading=\"lazy\" decoding=\"async\" src=\"https:\/\/levii.it\/wp-content\/uploads\/2023\/04\/chiave9-300x206.jpg\" width=\"300\" height=\"206\" alt=\"\" class=\"wp-image-49 alignnone size-medium\"><\/p>\n<p>Dank der starken Hangneigung und der Ausrichtung nach S\u00fcden verf\u00fcgt jeder Weinberg von LEVII \u00fcber eine ausgezeichnete Sonneneinstrahlung. So sind die Trauben von morgens bis abends ununterbrochen dem Sonnenlicht ausgesetzt.<\/p>\n<p>Exposition und Sonneneinstrahlung sind wichtige Faktoren f\u00fcr die richtige Reifung der Trauben im Berggebiet.<\/p>\n<p>[\/et_pb_accordion_item][et_pb_accordion_item title=&#8220;Reifung und S\u00e4uregehalt&#8220; _builder_version=&#8220;4.20.2&#8243; _module_preset=&#8220;default&#8220; global_colors_info=&#8220;{}&#8220; open=&#8220;off&#8220;]<\/p>\n<p><img loading=\"lazy\" decoding=\"async\" src=\"https:\/\/levii.it\/wp-content\/uploads\/2023\/04\/chiave15-300x206.jpg\" width=\"300\" height=\"206\" alt=\"\" class=\"wp-image-50 alignnone size-medium\"><\/p>\n<p>Bei der Herstellung der Grundweine nach der traditionellen Methode spielt das Verh\u00e4ltnis zwischen Reifung und S\u00e4uregehalt eine wichtige Rolle. Der S\u00e4uregehalt ist sehr wichtig, um die Widerstandsf\u00e4higkeit des Schaumweins w\u00e4hrend der langen Reifung auf der Hefe zu gew\u00e4hrleisten und um die Frische und die Vertikalit\u00e4t unserer Trento Doc-Weine zu garantieren.<\/p>\n<p>[\/et_pb_accordion_item][et_pb_accordion_item title=&#8220;Sanfte Pressung&#8220; _builder_version=&#8220;4.20.2&#8243; _module_preset=&#8220;default&#8220; global_colors_info=&#8220;{}&#8220; open=&#8220;off&#8220;]<\/p>\n<p>Die sanfte Ganztraubenpressung ist eine besondere \u00f6nologische Technik, die es erm\u00f6glicht, den Most sehr schonend und fraktioniert zu extrahieren, wobei der Vorlaufmost vom Pressmost getrennt wird.<\/p>\n<p>[\/et_pb_accordion_item][et_pb_accordion_item title=&#8220;Geringe Ertr\u00e4ge&#8220; _builder_version=&#8220;4.20.2&#8243; _module_preset=&#8220;default&#8220; global_colors_info=&#8220;{}&#8220; open=&#8220;off&#8220;]<\/p>\n<p><img loading=\"lazy\" decoding=\"async\" src=\"https:\/\/levii.it\/wp-content\/uploads\/2023\/04\/chiave1-300x206.jpg\" width=\"300\" height=\"206\" alt=\"\" class=\"wp-image-180 alignnone size-medium\"><\/p>\n<p>Der durchschnittliche Ertrag der Weinberge schwankt aufgrund der geringen Bodenfruchtbarkeit und der Auswirkungen des Bergklimas zwischen 70 und 80 Zentnern per Hektar. Dies wirkt sich stark auf die Qualit\u00e4t des Endprodukts aus und f\u00fchrt zu einer deutlichen Verbesserung der chemischen und qualitativen Eigenschaften der Trauben. Durch die begrenzte Produktion erh\u00f6ht sich n\u00e4mlich die Konzentration der Extrakte und der in den Trauben enthaltenen Stoffe.<\/p>\n<p>[\/et_pb_accordion_item][\/et_pb_accordion][\/et_pb_column][\/et_pb_row][\/et_pb_section]<\/p>\n","protected":false},"excerpt":{"rendered":"<p>WEINLANDUnter Terroir versteht man die Gesamtheit der verschiedenen typischen Faktoren, die nicht nur von den Umweltmerkmalen eines Gebietes, sondern auch von den Anbaumethoden abh\u00e4ngen. Diese Faktoren sind in der Lage, aktiv auf die Trauben einzuwirken und den Weinen einzigartige Eigenschaften zu verleihen. In diesem Sinne entfaltet das Gebiet von Bleggio und Stenico sein maximales Potenzial [&hellip;]<\/p>\n","protected":false},"author":1,"featured_media":0,"parent":0,"menu_order":0,"comment_status":"closed","ping_status":"closed","template":"","meta":{"_et_pb_use_builder":"on","_et_pb_old_content":"","_et_gb_content_width":"","footnotes":""},"class_list":["post-563","page","type-page","status-publish","hentry"],"yoast_head":"<!-- This site is optimized with the Yoast SEO plugin v27.4 - https:\/\/yoast.com\/product\/yoast-seo-wordpress\/ -->\n<title>WEINLAND - Cantine Levii<\/title>\n<meta name=\"description\" content=\"Il territorio di Bleggio e Stenico esprime il suo massimo potenziale nella produzione di uve base per spumanti metodo classico trentodoc.\" \/>\n<meta name=\"robots\" content=\"index, follow, max-snippet:-1, max-image-preview:large, max-video-preview:-1\" \/>\n<link rel=\"canonical\" href=\"https:\/\/levii.it\/de\/weinland\/\" \/>\n<meta property=\"og:locale\" content=\"de_DE\" \/>\n<meta property=\"og:type\" content=\"article\" \/>\n<meta property=\"og:title\" content=\"WEINLAND - Cantine Levii\" \/>\n<meta property=\"og:description\" content=\"Il territorio di Bleggio e Stenico esprime il suo massimo potenziale nella produzione di uve base per spumanti metodo classico trentodoc.\" \/>\n<meta property=\"og:url\" content=\"https:\/\/levii.it\/de\/weinland\/\" \/>\n<meta property=\"og:site_name\" content=\"Cantine Levii\" \/>\n<meta property=\"article:publisher\" content=\"https:\/\/www.facebook.com\/leviitrentodoc\/\" \/>\n<meta property=\"article:modified_time\" content=\"2024-04-21T08:06:14+00:00\" \/>\n<meta property=\"og:image\" content=\"https:\/\/levii.it\/wp-content\/uploads\/2023\/04\/garda-300x225.jpg\" \/>\n<meta name=\"twitter:card\" content=\"summary_large_image\" \/>\n<meta name=\"twitter:label1\" content=\"Gesch\u00e4tzte Lesezeit\" \/>\n\t<meta name=\"twitter:data1\" content=\"9\u00a0Minuten\" \/>\n<script type=\"application\/ld+json\" class=\"yoast-schema-graph\">{\"@context\":\"https:\\\/\\\/schema.org\",\"@graph\":[{\"@type\":\"WebPage\",\"@id\":\"https:\\\/\\\/levii.it\\\/de\\\/weinland\\\/\",\"url\":\"https:\\\/\\\/levii.it\\\/de\\\/weinland\\\/\",\"name\":\"WEINLAND - Cantine Levii\",\"isPartOf\":{\"@id\":\"https:\\\/\\\/levii.it\\\/de\\\/#website\"},\"primaryImageOfPage\":{\"@id\":\"https:\\\/\\\/levii.it\\\/de\\\/weinland\\\/#primaryimage\"},\"image\":{\"@id\":\"https:\\\/\\\/levii.it\\\/de\\\/weinland\\\/#primaryimage\"},\"thumbnailUrl\":\"https:\\\/\\\/levii.it\\\/wp-content\\\/uploads\\\/2023\\\/04\\\/garda-300x225.jpg\",\"datePublished\":\"2023-04-04T10:05:07+00:00\",\"dateModified\":\"2024-04-21T08:06:14+00:00\",\"description\":\"Il territorio di Bleggio e Stenico esprime il suo massimo potenziale nella produzione di uve base per spumanti metodo classico trentodoc.\",\"breadcrumb\":{\"@id\":\"https:\\\/\\\/levii.it\\\/de\\\/weinland\\\/#breadcrumb\"},\"inLanguage\":\"de\",\"potentialAction\":[{\"@type\":\"ReadAction\",\"target\":[\"https:\\\/\\\/levii.it\\\/de\\\/weinland\\\/\"]}]},{\"@type\":\"ImageObject\",\"inLanguage\":\"de\",\"@id\":\"https:\\\/\\\/levii.it\\\/de\\\/weinland\\\/#primaryimage\",\"url\":\"https:\\\/\\\/levii.it\\\/wp-content\\\/uploads\\\/2023\\\/04\\\/garda-300x225.jpg\",\"contentUrl\":\"https:\\\/\\\/levii.it\\\/wp-content\\\/uploads\\\/2023\\\/04\\\/garda-300x225.jpg\"},{\"@type\":\"BreadcrumbList\",\"@id\":\"https:\\\/\\\/levii.it\\\/de\\\/weinland\\\/#breadcrumb\",\"itemListElement\":[{\"@type\":\"ListItem\",\"position\":1,\"name\":\"Home\",\"item\":\"https:\\\/\\\/levii.it\\\/de\\\/\"},{\"@type\":\"ListItem\",\"position\":2,\"name\":\"WEINLAND\"}]},{\"@type\":\"WebSite\",\"@id\":\"https:\\\/\\\/levii.it\\\/de\\\/#website\",\"url\":\"https:\\\/\\\/levii.it\\\/de\\\/\",\"name\":\"Cantine Levii\",\"description\":\"Bollicine estreme ed eleganti tra le Dolomiti e il Garda\",\"publisher\":{\"@id\":\"https:\\\/\\\/levii.it\\\/de\\\/#organization\"},\"alternateName\":\"LEVII TRENTODOC\",\"potentialAction\":[{\"@type\":\"SearchAction\",\"target\":{\"@type\":\"EntryPoint\",\"urlTemplate\":\"https:\\\/\\\/levii.it\\\/de\\\/?s={search_term_string}\"},\"query-input\":{\"@type\":\"PropertyValueSpecification\",\"valueRequired\":true,\"valueName\":\"search_term_string\"}}],\"inLanguage\":\"de\"},{\"@type\":\"Organization\",\"@id\":\"https:\\\/\\\/levii.it\\\/de\\\/#organization\",\"name\":\"Cantine Levii\",\"url\":\"https:\\\/\\\/levii.it\\\/de\\\/\",\"logo\":{\"@type\":\"ImageObject\",\"inLanguage\":\"de\",\"@id\":\"https:\\\/\\\/levii.it\\\/de\\\/#\\\/schema\\\/logo\\\/image\\\/\",\"url\":\"https:\\\/\\\/levii.it\\\/wp-content\\\/uploads\\\/2023\\\/04\\\/banner-e1693427559620.jpg\",\"contentUrl\":\"https:\\\/\\\/levii.it\\\/wp-content\\\/uploads\\\/2023\\\/04\\\/banner-e1693427559620.jpg\",\"width\":217,\"height\":209,\"caption\":\"Cantine Levii\"},\"image\":{\"@id\":\"https:\\\/\\\/levii.it\\\/de\\\/#\\\/schema\\\/logo\\\/image\\\/\"},\"sameAs\":[\"https:\\\/\\\/www.facebook.com\\\/leviitrentodoc\\\/\",\"https:\\\/\\\/www.instagram.com\\\/levii_trentodoc\\\/\"]}]}<\/script>\n<!-- \/ Yoast SEO plugin. -->","yoast_head_json":{"title":"WEINLAND - Cantine Levii","description":"Il territorio di Bleggio e Stenico esprime il suo massimo potenziale nella produzione di uve base per spumanti metodo classico trentodoc.","robots":{"index":"index","follow":"follow","max-snippet":"max-snippet:-1","max-image-preview":"max-image-preview:large","max-video-preview":"max-video-preview:-1"},"canonical":"https:\/\/levii.it\/de\/weinland\/","og_locale":"de_DE","og_type":"article","og_title":"WEINLAND - Cantine Levii","og_description":"Il territorio di Bleggio e Stenico esprime il suo massimo potenziale nella produzione di uve base per spumanti metodo classico trentodoc.","og_url":"https:\/\/levii.it\/de\/weinland\/","og_site_name":"Cantine Levii","article_publisher":"https:\/\/www.facebook.com\/leviitrentodoc\/","article_modified_time":"2024-04-21T08:06:14+00:00","og_image":[{"url":"https:\/\/levii.it\/wp-content\/uploads\/2023\/04\/garda-300x225.jpg","type":"","width":"","height":""}],"twitter_card":"summary_large_image","twitter_misc":{"Gesch\u00e4tzte Lesezeit":"9\u00a0Minuten"},"schema":{"@context":"https:\/\/schema.org","@graph":[{"@type":"WebPage","@id":"https:\/\/levii.it\/de\/weinland\/","url":"https:\/\/levii.it\/de\/weinland\/","name":"WEINLAND - Cantine Levii","isPartOf":{"@id":"https:\/\/levii.it\/de\/#website"},"primaryImageOfPage":{"@id":"https:\/\/levii.it\/de\/weinland\/#primaryimage"},"image":{"@id":"https:\/\/levii.it\/de\/weinland\/#primaryimage"},"thumbnailUrl":"https:\/\/levii.it\/wp-content\/uploads\/2023\/04\/garda-300x225.jpg","datePublished":"2023-04-04T10:05:07+00:00","dateModified":"2024-04-21T08:06:14+00:00","description":"Il territorio di Bleggio e Stenico esprime il suo massimo potenziale nella produzione di uve base per spumanti metodo classico trentodoc.","breadcrumb":{"@id":"https:\/\/levii.it\/de\/weinland\/#breadcrumb"},"inLanguage":"de","potentialAction":[{"@type":"ReadAction","target":["https:\/\/levii.it\/de\/weinland\/"]}]},{"@type":"ImageObject","inLanguage":"de","@id":"https:\/\/levii.it\/de\/weinland\/#primaryimage","url":"https:\/\/levii.it\/wp-content\/uploads\/2023\/04\/garda-300x225.jpg","contentUrl":"https:\/\/levii.it\/wp-content\/uploads\/2023\/04\/garda-300x225.jpg"},{"@type":"BreadcrumbList","@id":"https:\/\/levii.it\/de\/weinland\/#breadcrumb","itemListElement":[{"@type":"ListItem","position":1,"name":"Home","item":"https:\/\/levii.it\/de\/"},{"@type":"ListItem","position":2,"name":"WEINLAND"}]},{"@type":"WebSite","@id":"https:\/\/levii.it\/de\/#website","url":"https:\/\/levii.it\/de\/","name":"Cantine Levii","description":"Bollicine estreme ed eleganti tra le Dolomiti e il Garda","publisher":{"@id":"https:\/\/levii.it\/de\/#organization"},"alternateName":"LEVII TRENTODOC","potentialAction":[{"@type":"SearchAction","target":{"@type":"EntryPoint","urlTemplate":"https:\/\/levii.it\/de\/?s={search_term_string}"},"query-input":{"@type":"PropertyValueSpecification","valueRequired":true,"valueName":"search_term_string"}}],"inLanguage":"de"},{"@type":"Organization","@id":"https:\/\/levii.it\/de\/#organization","name":"Cantine Levii","url":"https:\/\/levii.it\/de\/","logo":{"@type":"ImageObject","inLanguage":"de","@id":"https:\/\/levii.it\/de\/#\/schema\/logo\/image\/","url":"https:\/\/levii.it\/wp-content\/uploads\/2023\/04\/banner-e1693427559620.jpg","contentUrl":"https:\/\/levii.it\/wp-content\/uploads\/2023\/04\/banner-e1693427559620.jpg","width":217,"height":209,"caption":"Cantine Levii"},"image":{"@id":"https:\/\/levii.it\/de\/#\/schema\/logo\/image\/"},"sameAs":["https:\/\/www.facebook.com\/leviitrentodoc\/","https:\/\/www.instagram.com\/levii_trentodoc\/"]}]}},"jetpack_sharing_enabled":true,"_links":{"self":[{"href":"https:\/\/levii.it\/de\/wp-json\/wp\/v2\/pages\/563","targetHints":{"allow":["GET"]}}],"collection":[{"href":"https:\/\/levii.it\/de\/wp-json\/wp\/v2\/pages"}],"about":[{"href":"https:\/\/levii.it\/de\/wp-json\/wp\/v2\/types\/page"}],"author":[{"embeddable":true,"href":"https:\/\/levii.it\/de\/wp-json\/wp\/v2\/users\/1"}],"replies":[{"embeddable":true,"href":"https:\/\/levii.it\/de\/wp-json\/wp\/v2\/comments?post=563"}],"version-history":[{"count":3,"href":"https:\/\/levii.it\/de\/wp-json\/wp\/v2\/pages\/563\/revisions"}],"predecessor-version":[{"id":623,"href":"https:\/\/levii.it\/de\/wp-json\/wp\/v2\/pages\/563\/revisions\/623"}],"wp:attachment":[{"href":"https:\/\/levii.it\/de\/wp-json\/wp\/v2\/media?parent=563"}],"curies":[{"name":"wp","href":"https:\/\/api.w.org\/{rel}","templated":true}]}}