{"id":566,"date":"2023-04-04T11:05:59","date_gmt":"2023-04-04T10:05:59","guid":{"rendered":"https:\/\/levii.it\/trentodoc\/"},"modified":"2024-04-21T09:06:53","modified_gmt":"2024-04-21T08:06:53","slug":"trentodoc","status":"publish","type":"page","link":"https:\/\/levii.it\/de\/trentodoc\/","title":{"rendered":"TRENTODOC"},"content":{"rendered":"<p>[et_pb_section fb_built=&#8220;1&#8243; _builder_version=&#8220;4.20.2&#8243; _module_preset=&#8220;default&#8220; min_height=&#8220;1505.3px&#8220; global_colors_info=&#8220;{}&#8220; custom_padding=&#8220;0px|||||&#8220;][et_pb_row _builder_version=&#8220;4.20.2&#8243; _module_preset=&#8220;default&#8220; min_height=&#8220;74px&#8220; custom_padding=&#8220;17px|||||&#8220; global_colors_info=&#8220;{}&#8220;][et_pb_column type=&#8220;4_4&#8243; _builder_version=&#8220;4.20.2&#8243; _module_preset=&#8220;default&#8220; global_colors_info=&#8220;{}&#8220;][et_pb_text _builder_version=&#8220;4.20.2&#8243; _module_preset=&#8220;default&#8220; text_font_size=&#8220;23px&#8220; header_font_size=&#8220;37px&#8220; global_colors_info=&#8220;{}&#8220;]<\/p>\n<h1 style=\"text-align: center;\">TRENTODOC<\/h1>\n<p>[\/et_pb_text][\/et_pb_column][\/et_pb_row][et_pb_row _builder_version=&#8220;4.20.2&#8243; _module_preset=&#8220;default&#8220; min_height=&#8220;126.4px&#8220; global_colors_info=&#8220;{}&#8220;][et_pb_column type=&#8220;4_4&#8243; _builder_version=&#8220;4.20.2&#8243; _module_preset=&#8220;default&#8220; global_colors_info=&#8220;{}&#8220;][et_pb_text _builder_version=&#8220;4.20.2&#8243; _module_preset=&#8220;default&#8220; global_colors_info=&#8220;{}&#8220;]<\/p>\n<p style=\"text-align: center;\">Die Ursprungsbezeichnung <a href=\"https:\/\/www.trentodoc.com\/it\/case-spumantistiche\/cantine-levii\/\">Trento Doc<\/a> ist Garant fur die Qualitat der Schamweinprooduktion von LEVII. Die Herstellung nach traditioneller Methode wird allgemein als Synonym f\u00fcr Qualit\u00e4t, Geschichte und Exzellenz anerkannt.<\/p>\n<p style=\"text-align: center;\">\n<p style=\"text-align: center;\"><img loading=\"lazy\" decoding=\"async\" src=\"https:\/\/levii.it\/wp-content\/uploads\/2023\/04\/trentodoc-300x72.png\" width=\"300\" height=\"72\" alt=\"\" class=\"wp-image-182 alignnone size-medium\" srcset=\"https:\/\/levii.it\/wp-content\/uploads\/2023\/04\/trentodoc-300x72.png 300w, https:\/\/levii.it\/wp-content\/uploads\/2023\/04\/trentodoc.png 456w\" sizes=\"(max-width: 300px) 100vw, 300px\" \/><\/p>\n<p style=\"text-align: center;\">Der Herstellungsprozess umfasst viele gleichwertige Phasen, die LEVII mit Leidenschaft und Sorgfalt ausf\u00fchrt.<\/p>\n<p>[\/et_pb_text][\/et_pb_column][\/et_pb_row][et_pb_row _builder_version=&#8220;4.20.2&#8243; _module_preset=&#8220;default&#8220; global_colors_info=&#8220;{}&#8220;][et_pb_column type=&#8220;4_4&#8243; _builder_version=&#8220;4.20.2&#8243; _module_preset=&#8220;default&#8220; global_colors_info=&#8220;{}&#8220;][et_pb_text _builder_version=&#8220;4.20.2&#8243; _module_preset=&#8220;default&#8220; text_text_color=&#8220;#E02B20&#8243; header_text_color=&#8220;#7CDA24&#8243; header_2_text_color=&#8220;#7CDA24&#8243; global_colors_info=&#8220;{}&#8220;]<\/p>\n<h2 style=\"text-align: center;\">Im Weinberg<\/h2>\n<p>[\/et_pb_text][\/et_pb_column][\/et_pb_row][et_pb_row _builder_version=&#8220;4.20.2&#8243; _module_preset=&#8220;default&#8220; global_colors_info=&#8220;{}&#8220;][et_pb_column type=&#8220;4_4&#8243; _builder_version=&#8220;4.20.2&#8243; _module_preset=&#8220;default&#8220; global_colors_info=&#8220;{}&#8220;][et_pb_text _builder_version=&#8220;4.20.2&#8243; _module_preset=&#8220;default&#8220; global_colors_info=&#8220;{}&#8220;]<\/p>\n<p>Die Weinberge liegen am Fu\u00dfe der Brenta-Dolomiten in einer H\u00f6he von 650 bis 700 Metern und zeichnen sich durch steile, nach S\u00fcden ausgerichtete H\u00e4nge aus. Daraus ergeben sich eine optimale Sonneneinstrahlung und hohe t\u00e4gliche Temperaturschwankungen, die die Erzeugung von Trauben h\u00f6chster Qualit\u00e4t garantieren. Die volle Reife wird unter Beibehaltung des S\u00e4uregehalts und der Aromastoffe erreicht. Das ist es, was unsere Trento Doc-Weine auszeichnet.<\/p>\n<p>Haupts\u00e4chlich werden Chardonnay und Pinot Noir angebaut. Dies sind die Hauptsorten f\u00fcr die Herstellung von Weinen nach der traditionellen Methode. Die Erziehungsform ist der einfache Guyot mit einer Dichte von 7.000 Rebst\u00f6cken per Hektar. Der Ertrag ist mit 70 bis 80 Zentnern per Hektar sehr gering.<\/p>\n<p>[\/et_pb_text][et_pb_image src=&#8220;https:\/\/levii.it\/wp-content\/uploads\/2023\/04\/doc4.jpg&#8220; title_text=&#8220;Im Weinberg&#8220; _builder_version=&#8220;4.20.2&#8243; _module_preset=&#8220;default&#8220; global_colors_info=&#8220;{}&#8220;][\/et_pb_image][et_pb_text _builder_version=&#8220;4.20.2&#8243; _module_preset=&#8220;default&#8220; global_colors_info=&#8220;{}&#8220;]<\/p>\n<p>Die Bek\u00e4mpfung der verschiedenen Rebkrankheiten, insbesondere des Echten und Falschen Mehltaus, erfolgt ganzheitlich. Eine gro\u00dfe Hilfe ist dabei die Ora, der S\u00fcdwind vom Gardasee, der kurz nach Mittag aufsteigt und \u00fcber unsere Weinberge weht, sie durchl\u00fcftet und das Auftreten von Pilzkrankheiten verhindert. Um die Trauben direkt der Sonne und der Luft auszusetzen, werden sie fr\u00fchzeitig ausgegeizt und entlaubt. Sp\u00e4ter wird das Laub ausged\u00fcnnt. Auf den Einsatz von Botrytismitteln wird verzichtet.<\/p>\n<p>Die Weinlese erfolgt ausschlie\u00dflich von Hand. Die Selektion der Trauben erfolgt direkt im Weinberg. Die Trauben werden in Lesekisten mit einem Fassungsverm\u00f6gen von maximal 200 kg gelegt, um ein Zerquetschen oder Zerbrechen der Beeren zu vermeiden.<\/p>\n<p>[\/et_pb_text][\/et_pb_column][\/et_pb_row][et_pb_row _builder_version=&#8220;4.20.2&#8243; _module_preset=&#8220;default&#8220; global_colors_info=&#8220;{}&#8220;][et_pb_column type=&#8220;4_4&#8243; _builder_version=&#8220;4.20.2&#8243; _module_preset=&#8220;default&#8220; global_colors_info=&#8220;{}&#8220;][et_pb_text _builder_version=&#8220;4.20.2&#8243; _module_preset=&#8220;default&#8220; header_2_text_color=&#8220;#7CDA24&#8243; global_colors_info=&#8220;{}&#8220;]<\/p>\n<h2 style=\"text-align: center;\">Im Keller<\/h2>\n<p>[\/et_pb_text][\/et_pb_column][\/et_pb_row][et_pb_row _builder_version=&#8220;4.20.2&#8243; _module_preset=&#8220;default&#8220; global_colors_info=&#8220;{}&#8220;][et_pb_column type=&#8220;4_4&#8243; _builder_version=&#8220;4.20.2&#8243; _module_preset=&#8220;default&#8220; global_colors_info=&#8220;{}&#8220;][et_pb_text _builder_version=&#8220;4.20.2&#8243; _module_preset=&#8220;default&#8220; global_colors_info=&#8220;{}&#8220;]<\/p>\n<p>Im Keller werden die ganzen Trauben langsam und schonend gepresst. Die Pressung erfolgt mit geringem Druck (von 0,3 bis 1,2 atm) bei einer Pressdauer von 3,5 bis 4 Stunden. Der Most wird fraktioniert. Dabei wird der Vorlaufmost vom Pressmost getrennt. Der so gewonnene Most wird 24 Stunden lang bei einer Temperatur von 8 \u00b0C statisch dekantiert. Anschlie\u00dfend wird er in Flaschen abgef\u00fcllt und mit ausgew\u00e4hlten Hefen vergoren. Die G\u00e4rung dauert 12 bis 13 Tage. Am Ende der G\u00e4rung wird abgestochen, um den feinen vom groben Hefetrub zu trennen. Von diesem Zeitpunkt an wird der Grundwein bis zum folgenden Mai in Edelstahlbeh\u00e4ltern auf der Feinhefe ausgebaut. W\u00e4hrend dieser Zeit wird eine Batonnage durchgef\u00fchrt, um den Feintrub in Suspension zu bringen. Dies erleichtert die Extraktion der Mannoproteine und verbessert die Viskosit\u00e4t und den K\u00f6rper. Dies ist wichtig f\u00fcr eine feine und anhaltende Perlage.<\/p>\n<p>[\/et_pb_text][et_pb_image src=&#8220;https:\/\/levii.it\/wp-content\/uploads\/2023\/04\/slide39.jpg&#8220; title_text=&#8220;Im Keller&#8220; _builder_version=&#8220;4.20.2&#8243; _module_preset=&#8220;default&#8220; global_colors_info=&#8220;{}&#8220;][\/et_pb_image][et_pb_text _builder_version=&#8220;4.20.2&#8243; _module_preset=&#8220;default&#8220; global_colors_info=&#8220;{}&#8220;]<\/p>\n<p>F\u00fcr die Herstellung unserer Reserveweine wird der Vorlaufwein aus den besten Trauben und Parzellen verwendet.<\/p>\n<p>Die Vorbereitung f\u00fcr die Tirage erfolgt im Mai des auf die Lese folgenden Jahres. Der Grundwein wird gekl\u00e4rt, steril filtriert und kalt stabilisiert. Die Cuv\u00e9es werden zusammengestellt. Rohrzucker und ausgew\u00e4hlte Hefen werden hinzugef\u00fcgt. Die f\u00fcr die traditionelle Methode typische G\u00e4rung in der Flasche beginnt und dauert etwa zwei Monate.<\/p>\n<p>Die Flaschen lagern etwa ein Jahr in Senkk\u00e4sten, dann werden sie gestapelt und die Hefen wieder in Suspension gebracht. Unsere Schaumweine durchlaufen eine sehr lange Reifezeit. Sie betr\u00e4gt mindestens 30 Monate f\u00fcr die Basisweine und 60 Monate f\u00fcr die Reserveweine. Sowohl die G\u00e4rung als auch die Reifung erfolgen bei einer konstanten Temperatur von 12 Grad Celsius. Die Reifung ist eine grundlegende Phase der Weinbereitung nach traditioneller Methode. Die Zeit ist dabei der wichtigste Faktor. W\u00e4hrend der Reifung beginnen die Hefezellen zu lysieren (sich aufzul\u00f6sen). Dadurch werden alle w\u00e4hrend der G\u00e4rung aufgenommenen Verbindungen in angereicherter und verfeinerter Form freigesetzt.<\/p>\n<p>Die Flaschen werden langsam ger\u00fcttelt (Remuage) und am Ende der Reifung auf der Hefe f\u00fcr das Degorgieren vorbereitet. Zu diesem Zweck wird f\u00fcr jedes unserer Produkte ein Expeditionslik\u00f6r hergestellt. Unsere Spezialit\u00e4t sind Lik\u00f6re, die den Grundwein respektieren und den Jahrgang und das Terroir hervorheben.<\/p>\n<p>Nach einer Ruhezeit von weiteren zwei bis drei Monaten ist der Wein f\u00fcr den Genie\u00dfer bereit.<\/p>\n<p>[\/et_pb_text][\/et_pb_column][\/et_pb_row][\/et_pb_section]<\/p>\n","protected":false},"excerpt":{"rendered":"<p>TRENTODOCDie Ursprungsbezeichnung Trento Doc ist Garant fur die Qualitat der Schamweinprooduktion von LEVII. Die Herstellung nach traditioneller Methode wird allgemein als Synonym f\u00fcr Qualit\u00e4t, Geschichte und Exzellenz anerkannt. Der Herstellungsprozess umfasst viele gleichwertige Phasen, die LEVII mit Leidenschaft und Sorgfalt ausf\u00fchrt.Im WeinbergDie Weinberge liegen am Fu\u00dfe der Brenta-Dolomiten in einer H\u00f6he von 650 bis 700 [&hellip;]<\/p>\n","protected":false},"author":1,"featured_media":0,"parent":0,"menu_order":0,"comment_status":"closed","ping_status":"closed","template":"","meta":{"_et_pb_use_builder":"on","_et_pb_old_content":"","_et_gb_content_width":"","footnotes":""},"class_list":["post-566","page","type-page","status-publish","hentry"],"yoast_head":"<!-- This site is optimized with the Yoast SEO plugin v27.4 - https:\/\/yoast.com\/product\/yoast-seo-wordpress\/ -->\n<title>TRENTODOC - Cantine Levii<\/title>\n<meta name=\"description\" content=\"Trentodoc le Bollicine di Montagna; Die Herstellung nach traditioneller Methode wird allgemein als Synonym f\u00fcr Qualit\u00e4t, Geschichte und Exzellenz anerkannt.\" \/>\n<meta name=\"robots\" content=\"index, follow, max-snippet:-1, max-image-preview:large, max-video-preview:-1\" \/>\n<link rel=\"canonical\" href=\"https:\/\/levii.it\/de\/trentodoc\/\" \/>\n<meta property=\"og:locale\" content=\"de_DE\" \/>\n<meta property=\"og:type\" content=\"article\" \/>\n<meta property=\"og:title\" content=\"TRENTODOC - Cantine Levii\" \/>\n<meta property=\"og:description\" content=\"Trentodoc le Bollicine di Montagna; Die Herstellung nach traditioneller Methode wird allgemein als Synonym f\u00fcr Qualit\u00e4t, Geschichte und Exzellenz anerkannt.\" \/>\n<meta property=\"og:url\" content=\"https:\/\/levii.it\/de\/trentodoc\/\" \/>\n<meta property=\"og:site_name\" content=\"Cantine Levii\" \/>\n<meta property=\"article:publisher\" content=\"https:\/\/www.facebook.com\/leviitrentodoc\/\" \/>\n<meta property=\"article:modified_time\" content=\"2024-04-21T08:06:53+00:00\" \/>\n<meta property=\"og:image\" content=\"https:\/\/levii.it\/wp-content\/uploads\/2023\/04\/trentodoc-300x72.png\" \/>\n<meta name=\"twitter:card\" content=\"summary_large_image\" \/>\n<meta name=\"twitter:label1\" content=\"Gesch\u00e4tzte Lesezeit\" \/>\n\t<meta name=\"twitter:data1\" content=\"5\u00a0Minuten\" \/>\n<script type=\"application\/ld+json\" class=\"yoast-schema-graph\">{\"@context\":\"https:\\\/\\\/schema.org\",\"@graph\":[{\"@type\":\"WebPage\",\"@id\":\"https:\\\/\\\/levii.it\\\/de\\\/trentodoc\\\/\",\"url\":\"https:\\\/\\\/levii.it\\\/de\\\/trentodoc\\\/\",\"name\":\"TRENTODOC - Cantine Levii\",\"isPartOf\":{\"@id\":\"https:\\\/\\\/levii.it\\\/de\\\/#website\"},\"primaryImageOfPage\":{\"@id\":\"https:\\\/\\\/levii.it\\\/de\\\/trentodoc\\\/#primaryimage\"},\"image\":{\"@id\":\"https:\\\/\\\/levii.it\\\/de\\\/trentodoc\\\/#primaryimage\"},\"thumbnailUrl\":\"https:\\\/\\\/levii.it\\\/wp-content\\\/uploads\\\/2023\\\/04\\\/trentodoc-300x72.png\",\"datePublished\":\"2023-04-04T10:05:59+00:00\",\"dateModified\":\"2024-04-21T08:06:53+00:00\",\"description\":\"Trentodoc le Bollicine di Montagna; Die Herstellung nach traditioneller Methode wird allgemein als Synonym f\u00fcr Qualit\u00e4t, Geschichte und Exzellenz anerkannt.\",\"breadcrumb\":{\"@id\":\"https:\\\/\\\/levii.it\\\/de\\\/trentodoc\\\/#breadcrumb\"},\"inLanguage\":\"de\",\"potentialAction\":[{\"@type\":\"ReadAction\",\"target\":[\"https:\\\/\\\/levii.it\\\/de\\\/trentodoc\\\/\"]}]},{\"@type\":\"ImageObject\",\"inLanguage\":\"de\",\"@id\":\"https:\\\/\\\/levii.it\\\/de\\\/trentodoc\\\/#primaryimage\",\"url\":\"https:\\\/\\\/levii.it\\\/wp-content\\\/uploads\\\/2023\\\/04\\\/trentodoc-300x72.png\",\"contentUrl\":\"https:\\\/\\\/levii.it\\\/wp-content\\\/uploads\\\/2023\\\/04\\\/trentodoc-300x72.png\"},{\"@type\":\"BreadcrumbList\",\"@id\":\"https:\\\/\\\/levii.it\\\/de\\\/trentodoc\\\/#breadcrumb\",\"itemListElement\":[{\"@type\":\"ListItem\",\"position\":1,\"name\":\"Home\",\"item\":\"https:\\\/\\\/levii.it\\\/de\\\/\"},{\"@type\":\"ListItem\",\"position\":2,\"name\":\"TRENTODOC\"}]},{\"@type\":\"WebSite\",\"@id\":\"https:\\\/\\\/levii.it\\\/de\\\/#website\",\"url\":\"https:\\\/\\\/levii.it\\\/de\\\/\",\"name\":\"Cantine Levii\",\"description\":\"Bollicine estreme ed eleganti tra le Dolomiti e il Garda\",\"publisher\":{\"@id\":\"https:\\\/\\\/levii.it\\\/de\\\/#organization\"},\"alternateName\":\"LEVII TRENTODOC\",\"potentialAction\":[{\"@type\":\"SearchAction\",\"target\":{\"@type\":\"EntryPoint\",\"urlTemplate\":\"https:\\\/\\\/levii.it\\\/de\\\/?s={search_term_string}\"},\"query-input\":{\"@type\":\"PropertyValueSpecification\",\"valueRequired\":true,\"valueName\":\"search_term_string\"}}],\"inLanguage\":\"de\"},{\"@type\":\"Organization\",\"@id\":\"https:\\\/\\\/levii.it\\\/de\\\/#organization\",\"name\":\"Cantine Levii\",\"url\":\"https:\\\/\\\/levii.it\\\/de\\\/\",\"logo\":{\"@type\":\"ImageObject\",\"inLanguage\":\"de\",\"@id\":\"https:\\\/\\\/levii.it\\\/de\\\/#\\\/schema\\\/logo\\\/image\\\/\",\"url\":\"https:\\\/\\\/levii.it\\\/wp-content\\\/uploads\\\/2023\\\/04\\\/banner-e1693427559620.jpg\",\"contentUrl\":\"https:\\\/\\\/levii.it\\\/wp-content\\\/uploads\\\/2023\\\/04\\\/banner-e1693427559620.jpg\",\"width\":217,\"height\":209,\"caption\":\"Cantine Levii\"},\"image\":{\"@id\":\"https:\\\/\\\/levii.it\\\/de\\\/#\\\/schema\\\/logo\\\/image\\\/\"},\"sameAs\":[\"https:\\\/\\\/www.facebook.com\\\/leviitrentodoc\\\/\",\"https:\\\/\\\/www.instagram.com\\\/levii_trentodoc\\\/\"]}]}<\/script>\n<!-- \/ Yoast SEO plugin. -->","yoast_head_json":{"title":"TRENTODOC - Cantine Levii","description":"Trentodoc le Bollicine di Montagna; Die Herstellung nach traditioneller Methode wird allgemein als Synonym f\u00fcr Qualit\u00e4t, Geschichte und Exzellenz anerkannt.","robots":{"index":"index","follow":"follow","max-snippet":"max-snippet:-1","max-image-preview":"max-image-preview:large","max-video-preview":"max-video-preview:-1"},"canonical":"https:\/\/levii.it\/de\/trentodoc\/","og_locale":"de_DE","og_type":"article","og_title":"TRENTODOC - Cantine Levii","og_description":"Trentodoc le Bollicine di Montagna; Die Herstellung nach traditioneller Methode wird allgemein als Synonym f\u00fcr Qualit\u00e4t, Geschichte und Exzellenz anerkannt.","og_url":"https:\/\/levii.it\/de\/trentodoc\/","og_site_name":"Cantine Levii","article_publisher":"https:\/\/www.facebook.com\/leviitrentodoc\/","article_modified_time":"2024-04-21T08:06:53+00:00","og_image":[{"url":"https:\/\/levii.it\/wp-content\/uploads\/2023\/04\/trentodoc-300x72.png","type":"","width":"","height":""}],"twitter_card":"summary_large_image","twitter_misc":{"Gesch\u00e4tzte Lesezeit":"5\u00a0Minuten"},"schema":{"@context":"https:\/\/schema.org","@graph":[{"@type":"WebPage","@id":"https:\/\/levii.it\/de\/trentodoc\/","url":"https:\/\/levii.it\/de\/trentodoc\/","name":"TRENTODOC - Cantine Levii","isPartOf":{"@id":"https:\/\/levii.it\/de\/#website"},"primaryImageOfPage":{"@id":"https:\/\/levii.it\/de\/trentodoc\/#primaryimage"},"image":{"@id":"https:\/\/levii.it\/de\/trentodoc\/#primaryimage"},"thumbnailUrl":"https:\/\/levii.it\/wp-content\/uploads\/2023\/04\/trentodoc-300x72.png","datePublished":"2023-04-04T10:05:59+00:00","dateModified":"2024-04-21T08:06:53+00:00","description":"Trentodoc le Bollicine di Montagna; Die Herstellung nach traditioneller Methode wird allgemein als Synonym f\u00fcr Qualit\u00e4t, Geschichte und Exzellenz anerkannt.","breadcrumb":{"@id":"https:\/\/levii.it\/de\/trentodoc\/#breadcrumb"},"inLanguage":"de","potentialAction":[{"@type":"ReadAction","target":["https:\/\/levii.it\/de\/trentodoc\/"]}]},{"@type":"ImageObject","inLanguage":"de","@id":"https:\/\/levii.it\/de\/trentodoc\/#primaryimage","url":"https:\/\/levii.it\/wp-content\/uploads\/2023\/04\/trentodoc-300x72.png","contentUrl":"https:\/\/levii.it\/wp-content\/uploads\/2023\/04\/trentodoc-300x72.png"},{"@type":"BreadcrumbList","@id":"https:\/\/levii.it\/de\/trentodoc\/#breadcrumb","itemListElement":[{"@type":"ListItem","position":1,"name":"Home","item":"https:\/\/levii.it\/de\/"},{"@type":"ListItem","position":2,"name":"TRENTODOC"}]},{"@type":"WebSite","@id":"https:\/\/levii.it\/de\/#website","url":"https:\/\/levii.it\/de\/","name":"Cantine Levii","description":"Bollicine estreme ed eleganti tra le Dolomiti e il Garda","publisher":{"@id":"https:\/\/levii.it\/de\/#organization"},"alternateName":"LEVII TRENTODOC","potentialAction":[{"@type":"SearchAction","target":{"@type":"EntryPoint","urlTemplate":"https:\/\/levii.it\/de\/?s={search_term_string}"},"query-input":{"@type":"PropertyValueSpecification","valueRequired":true,"valueName":"search_term_string"}}],"inLanguage":"de"},{"@type":"Organization","@id":"https:\/\/levii.it\/de\/#organization","name":"Cantine Levii","url":"https:\/\/levii.it\/de\/","logo":{"@type":"ImageObject","inLanguage":"de","@id":"https:\/\/levii.it\/de\/#\/schema\/logo\/image\/","url":"https:\/\/levii.it\/wp-content\/uploads\/2023\/04\/banner-e1693427559620.jpg","contentUrl":"https:\/\/levii.it\/wp-content\/uploads\/2023\/04\/banner-e1693427559620.jpg","width":217,"height":209,"caption":"Cantine Levii"},"image":{"@id":"https:\/\/levii.it\/de\/#\/schema\/logo\/image\/"},"sameAs":["https:\/\/www.facebook.com\/leviitrentodoc\/","https:\/\/www.instagram.com\/levii_trentodoc\/"]}]}},"jetpack_sharing_enabled":true,"_links":{"self":[{"href":"https:\/\/levii.it\/de\/wp-json\/wp\/v2\/pages\/566","targetHints":{"allow":["GET"]}}],"collection":[{"href":"https:\/\/levii.it\/de\/wp-json\/wp\/v2\/pages"}],"about":[{"href":"https:\/\/levii.it\/de\/wp-json\/wp\/v2\/types\/page"}],"author":[{"embeddable":true,"href":"https:\/\/levii.it\/de\/wp-json\/wp\/v2\/users\/1"}],"replies":[{"embeddable":true,"href":"https:\/\/levii.it\/de\/wp-json\/wp\/v2\/comments?post=566"}],"version-history":[{"count":4,"href":"https:\/\/levii.it\/de\/wp-json\/wp\/v2\/pages\/566\/revisions"}],"predecessor-version":[{"id":624,"href":"https:\/\/levii.it\/de\/wp-json\/wp\/v2\/pages\/566\/revisions\/624"}],"wp:attachment":[{"href":"https:\/\/levii.it\/de\/wp-json\/wp\/v2\/media?parent=566"}],"curies":[{"name":"wp","href":"https:\/\/api.w.org\/{rel}","templated":true}]}}