{"id":800,"date":"2025-07-22T16:49:37","date_gmt":"2025-07-22T15:49:37","guid":{"rendered":"https:\/\/levii.it\/ethik-und-unternehmensverhalten\/"},"modified":"2025-07-29T10:57:53","modified_gmt":"2025-07-29T09:57:53","slug":"ethik-und-unternehmensverhalten","status":"publish","type":"page","link":"https:\/\/levii.it\/de\/ethik-und-unternehmensverhalten\/","title":{"rendered":"ETHIK UND UNTERNEHMENSVERHALTEN"},"content":{"rendered":"<p>[et_pb_section fb_built=&#8220;1&#8243; _builder_version=&#8220;4.20.2&#8243; _module_preset=&#8220;default&#8220; min_height=&#8220;1505.3px&#8220; custom_padding=&#8220;0px||0px|||&#8220; global_colors_info=&#8220;{}&#8220;][et_pb_row _builder_version=&#8220;4.20.2&#8243; _module_preset=&#8220;default&#8220; min_height=&#8220;74px&#8220; custom_padding=&#8220;17px|||||&#8220; global_colors_info=&#8220;{}&#8220;][et_pb_column type=&#8220;4_4&#8243; _builder_version=&#8220;4.20.2&#8243; _module_preset=&#8220;default&#8220; global_colors_info=&#8220;{}&#8220;][et_pb_text _builder_version=&#8220;4.27.2&#8243; _module_preset=&#8220;default&#8220; text_font_size=&#8220;23px&#8220; header_font_size=&#8220;37px&#8220; custom_padding=&#8220;||0px|||&#8220; global_colors_info=&#8220;{}&#8220;]<\/p>\n<h1 style=\"text-align: center;\">ETHIK UND UNTERNEHMENSVERHALTEN<\/h1>\n<p>[\/et_pb_text][\/et_pb_column][\/et_pb_row][et_pb_row _builder_version=&#8220;4.27.2&#8243; _module_preset=&#8220;default&#8220; module_alignment=&#8220;center&#8220; custom_margin=&#8220;|auto|2px|312px||&#8220; global_colors_info=&#8220;{}&#8220;][et_pb_column type=&#8220;4_4&#8243; _builder_version=&#8220;4.20.2&#8243; _module_preset=&#8220;default&#8220; global_colors_info=&#8220;{}&#8220;][et_pb_text _builder_version=&#8220;4.27.2&#8243; _module_preset=&#8220;default&#8220; hover_enabled=&#8220;0&#8243; global_colors_info=&#8220;{}&#8220; content__hover_enabled=&#8220;off|desktop&#8220; sticky_enabled=&#8220;0&#8243;]<\/p>\n<div class=\"col-xs-12 text-xs-center row-title\" bis_skin_checked=\"1\">\n<h1 style=\"text-align: center;\">Organisations-, Management- und Kontrollmodell gem\u00e4\u00df dem Gesetzesdekret Nr. Nr. 231\/2001 und Ethikkodex der LEVII SRL Societ\u00e0 Agricola<\/h1>\n<p style=\"text-align: center;\">\n<\/div>\n<div class=\" mx-auto text-xs-center\" bis_skin_checked=\"1\">\n<div class=\"text\" bis_skin_checked=\"1\">\n<p style=\"text-align: center;\">Die landwirtschaftliche Gesellschaft LEVII SRL betrachtet die Einhaltung ethischer Grunds\u00e4tze als wesentlich und hat sich daher ein Organisations-, Management- und Kontrollmodell gem\u00e4\u00df dem GvD Nr. 231\/2001 sowie einen Ethikkodex gegeben. Der Ethikkodex ist eine Sammlung von Prinzipien, Regeln, Werten und allgemeinen Vorschriften, die f\u00fcr unser Unternehmen gelten und von allen Adressaten des Kodex \u2013 Mitarbeitern, Kunden und Lieferanten \u2013 eingehalten werden m\u00fcssen:<a href=\"https:\/\/levii.it\/wp-content\/uploads\/2025\/07\/MOG-CODICE-ETICO-LEVII-Srl-ALLEGATO-1.pdf\" rel=\"attachment wp-att-814\">ETHIKKODEX<\/a><\/p>\n<p>&nbsp;<\/p>\n<p style=\"text-align: center;\"><span style=\"color: #333333; font-size: 30px;\">Whistleblowing-Kanal<\/span><\/p>\n<p><img loading=\"lazy\" decoding=\"async\" class=\"alignnone size-medium wp-image-684\" src=\"https:\/\/levii.it\/wp-content\/uploads\/2024\/12\/images-300x110.png\" alt=\"\" width=\"300\" height=\"110\" srcset=\"https:\/\/levii.it\/wp-content\/uploads\/2024\/12\/images-300x110.png 300w, https:\/\/levii.it\/wp-content\/uploads\/2024\/12\/images.png 370w\" sizes=\"(max-width: 300px) 100vw, 300px\" style=\"display: block; margin-left: auto; margin-right: auto;\" \/><\/p>\n<p style=\"text-align: center;\">In diesem Zusammenhang und in \u00dcbereinstimmung mit den Bestimmungen des GvD Nr. 24\/2023, mit dem die EU-Richtlinie 2019\/1937 \u00fcber \u201eWhistleblowing\u201c umgesetzt wurde, haben wir geeignete interne Meldekan\u00e4le eingerichtet \u2013 insbesondere \u00fcber eine Plattform \u2013 um den Schutz und die Vertraulichkeit sowohl der Hinweisgeber als auch der betroffenen Personen sowie den Inhalt der Meldungen zu gew\u00e4hrleisten. Ein pers\u00f6nliches Gespr\u00e4ch kann dabei weiterhin vereinbart werden. Die genannten Meldekan\u00e4le erm\u00f6glichen es den betroffenen Personen, der Gesellschaft \u2013 auch anonym \u2013 Meldungen \u00fcber Verst\u00f6\u00dfe gegen nationale oder EU-Rechtsvorschriften zu \u00fcbermitteln, die das \u00f6ffentliche Interesse oder die Integrit\u00e4t der Gesellschaft beeintr\u00e4chtigen, sowie rechtswidriges Verhalten im Sinne des GvD Nr. 231\/2001 oder Verst\u00f6\u00dfe gegen das Organisations-, Management- und Kontrollmodell, von denen sie im Rahmen ihres beruflichen Umfelds Kenntnis erlangt haben.<\/p>\n<p style=\"text-align: center;\">ZUGANG ZUM MELDEKANAL:<span> <\/span><a href=\"https:\/\/levii.trusty.report\/\">https:\/\/levii.trusty.report<\/a><\/p>\n<p>&nbsp;<\/p>\n<p>&nbsp;<\/p>\n<p>&nbsp;<\/p>\n<p>&nbsp;<\/p>\n<p>&nbsp;<\/p>\n<p>&nbsp;<\/p>\n<\/div>\n<\/div>\n<p>[\/et_pb_text][\/et_pb_column][\/et_pb_row][\/et_pb_section]<\/p>\n","protected":false},"excerpt":{"rendered":"<p>ETHIK UND UNTERNEHMENSVERHALTEN Organisations-, Management- und Kontrollmodell gem\u00e4\u00df dem Gesetzesdekret Nr. Nr. 231\/2001 und Ethikkodex der LEVII SRL Societ\u00e0 Agricola Die landwirtschaftliche Gesellschaft LEVII SRL betrachtet die Einhaltung ethischer Grunds\u00e4tze als wesentlich und hat sich daher ein Organisations-, Management- und Kontrollmodell gem\u00e4\u00df dem GvD Nr. 231\/2001 sowie einen Ethikkodex gegeben. Der Ethikkodex ist eine Sammlung [&hellip;]<\/p>\n","protected":false},"author":1,"featured_media":0,"parent":0,"menu_order":0,"comment_status":"closed","ping_status":"closed","template":"","meta":{"_et_pb_use_builder":"on","_et_pb_old_content":"","_et_gb_content_width":"","footnotes":""},"class_list":["post-800","page","type-page","status-publish","hentry"],"yoast_head":"<!-- This site is optimized with the Yoast SEO plugin v27.4 - https:\/\/yoast.com\/product\/yoast-seo-wordpress\/ -->\n<title>ETHIK UND UNTERNEHMENSVERHALTEN - Cantine Levii<\/title>\n<meta name=\"robots\" content=\"index, follow, max-snippet:-1, max-image-preview:large, max-video-preview:-1\" \/>\n<link rel=\"canonical\" href=\"https:\/\/levii.it\/de\/ethik-und-unternehmensverhalten\/\" \/>\n<meta property=\"og:locale\" content=\"de_DE\" \/>\n<meta property=\"og:type\" content=\"article\" \/>\n<meta property=\"og:title\" content=\"ETHIK UND UNTERNEHMENSVERHALTEN - Cantine Levii\" \/>\n<meta property=\"og:description\" content=\"ETHIK UND UNTERNEHMENSVERHALTEN Organisations-, Management- und Kontrollmodell gem\u00e4\u00df dem Gesetzesdekret Nr. Nr. 231\/2001 und Ethikkodex der LEVII SRL Societ\u00e0 Agricola Die landwirtschaftliche Gesellschaft LEVII SRL betrachtet die Einhaltung ethischer Grunds\u00e4tze als wesentlich und hat sich daher ein Organisations-, Management- und Kontrollmodell gem\u00e4\u00df dem GvD Nr. 231\/2001 sowie einen Ethikkodex gegeben. Der Ethikkodex ist eine Sammlung [&hellip;]\" \/>\n<meta property=\"og:url\" content=\"https:\/\/levii.it\/de\/ethik-und-unternehmensverhalten\/\" \/>\n<meta property=\"og:site_name\" content=\"Cantine Levii\" \/>\n<meta property=\"article:publisher\" content=\"https:\/\/www.facebook.com\/leviitrentodoc\/\" \/>\n<meta property=\"article:modified_time\" content=\"2025-07-29T09:57:53+00:00\" \/>\n<meta property=\"og:image\" content=\"https:\/\/levii.it\/wp-content\/uploads\/2024\/12\/images.png\" \/>\n\t<meta property=\"og:image:width\" content=\"370\" \/>\n\t<meta property=\"og:image:height\" content=\"136\" \/>\n\t<meta property=\"og:image:type\" content=\"image\/png\" \/>\n<meta name=\"twitter:card\" content=\"summary_large_image\" \/>\n<meta name=\"twitter:label1\" content=\"Gesch\u00e4tzte Lesezeit\" \/>\n\t<meta name=\"twitter:data1\" content=\"2\u00a0Minuten\" \/>\n<script type=\"application\/ld+json\" class=\"yoast-schema-graph\">{\"@context\":\"https:\\\/\\\/schema.org\",\"@graph\":[{\"@type\":\"WebPage\",\"@id\":\"https:\\\/\\\/levii.it\\\/de\\\/ethik-und-unternehmensverhalten\\\/\",\"url\":\"https:\\\/\\\/levii.it\\\/de\\\/ethik-und-unternehmensverhalten\\\/\",\"name\":\"ETHIK UND UNTERNEHMENSVERHALTEN - Cantine Levii\",\"isPartOf\":{\"@id\":\"https:\\\/\\\/levii.it\\\/de\\\/#website\"},\"primaryImageOfPage\":{\"@id\":\"https:\\\/\\\/levii.it\\\/de\\\/ethik-und-unternehmensverhalten\\\/#primaryimage\"},\"image\":{\"@id\":\"https:\\\/\\\/levii.it\\\/de\\\/ethik-und-unternehmensverhalten\\\/#primaryimage\"},\"thumbnailUrl\":\"https:\\\/\\\/levii.it\\\/wp-content\\\/uploads\\\/2024\\\/12\\\/images-300x110.png\",\"datePublished\":\"2025-07-22T15:49:37+00:00\",\"dateModified\":\"2025-07-29T09:57:53+00:00\",\"breadcrumb\":{\"@id\":\"https:\\\/\\\/levii.it\\\/de\\\/ethik-und-unternehmensverhalten\\\/#breadcrumb\"},\"inLanguage\":\"de\",\"potentialAction\":[{\"@type\":\"ReadAction\",\"target\":[\"https:\\\/\\\/levii.it\\\/de\\\/ethik-und-unternehmensverhalten\\\/\"]}]},{\"@type\":\"ImageObject\",\"inLanguage\":\"de\",\"@id\":\"https:\\\/\\\/levii.it\\\/de\\\/ethik-und-unternehmensverhalten\\\/#primaryimage\",\"url\":\"https:\\\/\\\/levii.it\\\/wp-content\\\/uploads\\\/2024\\\/12\\\/images-300x110.png\",\"contentUrl\":\"https:\\\/\\\/levii.it\\\/wp-content\\\/uploads\\\/2024\\\/12\\\/images-300x110.png\"},{\"@type\":\"BreadcrumbList\",\"@id\":\"https:\\\/\\\/levii.it\\\/de\\\/ethik-und-unternehmensverhalten\\\/#breadcrumb\",\"itemListElement\":[{\"@type\":\"ListItem\",\"position\":1,\"name\":\"Home\",\"item\":\"https:\\\/\\\/levii.it\\\/de\\\/\"},{\"@type\":\"ListItem\",\"position\":2,\"name\":\"ETHIK UND UNTERNEHMENSVERHALTEN\"}]},{\"@type\":\"WebSite\",\"@id\":\"https:\\\/\\\/levii.it\\\/de\\\/#website\",\"url\":\"https:\\\/\\\/levii.it\\\/de\\\/\",\"name\":\"Cantine Levii\",\"description\":\"Bollicine estreme ed eleganti tra le Dolomiti e il Garda\",\"publisher\":{\"@id\":\"https:\\\/\\\/levii.it\\\/de\\\/#organization\"},\"alternateName\":\"LEVII TRENTODOC\",\"potentialAction\":[{\"@type\":\"SearchAction\",\"target\":{\"@type\":\"EntryPoint\",\"urlTemplate\":\"https:\\\/\\\/levii.it\\\/de\\\/?s={search_term_string}\"},\"query-input\":{\"@type\":\"PropertyValueSpecification\",\"valueRequired\":true,\"valueName\":\"search_term_string\"}}],\"inLanguage\":\"de\"},{\"@type\":\"Organization\",\"@id\":\"https:\\\/\\\/levii.it\\\/de\\\/#organization\",\"name\":\"Cantine Levii\",\"url\":\"https:\\\/\\\/levii.it\\\/de\\\/\",\"logo\":{\"@type\":\"ImageObject\",\"inLanguage\":\"de\",\"@id\":\"https:\\\/\\\/levii.it\\\/de\\\/#\\\/schema\\\/logo\\\/image\\\/\",\"url\":\"https:\\\/\\\/levii.it\\\/wp-content\\\/uploads\\\/2023\\\/04\\\/banner-e1693427559620.jpg\",\"contentUrl\":\"https:\\\/\\\/levii.it\\\/wp-content\\\/uploads\\\/2023\\\/04\\\/banner-e1693427559620.jpg\",\"width\":217,\"height\":209,\"caption\":\"Cantine Levii\"},\"image\":{\"@id\":\"https:\\\/\\\/levii.it\\\/de\\\/#\\\/schema\\\/logo\\\/image\\\/\"},\"sameAs\":[\"https:\\\/\\\/www.facebook.com\\\/leviitrentodoc\\\/\",\"https:\\\/\\\/www.instagram.com\\\/levii_trentodoc\\\/\"]}]}<\/script>\n<!-- \/ Yoast SEO plugin. -->","yoast_head_json":{"title":"ETHIK UND UNTERNEHMENSVERHALTEN - Cantine Levii","robots":{"index":"index","follow":"follow","max-snippet":"max-snippet:-1","max-image-preview":"max-image-preview:large","max-video-preview":"max-video-preview:-1"},"canonical":"https:\/\/levii.it\/de\/ethik-und-unternehmensverhalten\/","og_locale":"de_DE","og_type":"article","og_title":"ETHIK UND UNTERNEHMENSVERHALTEN - Cantine Levii","og_description":"ETHIK UND UNTERNEHMENSVERHALTEN Organisations-, Management- und Kontrollmodell gem\u00e4\u00df dem Gesetzesdekret Nr. Nr. 231\/2001 und Ethikkodex der LEVII SRL Societ\u00e0 Agricola Die landwirtschaftliche Gesellschaft LEVII SRL betrachtet die Einhaltung ethischer Grunds\u00e4tze als wesentlich und hat sich daher ein Organisations-, Management- und Kontrollmodell gem\u00e4\u00df dem GvD Nr. 231\/2001 sowie einen Ethikkodex gegeben. Der Ethikkodex ist eine Sammlung [&hellip;]","og_url":"https:\/\/levii.it\/de\/ethik-und-unternehmensverhalten\/","og_site_name":"Cantine Levii","article_publisher":"https:\/\/www.facebook.com\/leviitrentodoc\/","article_modified_time":"2025-07-29T09:57:53+00:00","og_image":[{"width":370,"height":136,"url":"https:\/\/levii.it\/wp-content\/uploads\/2024\/12\/images.png","type":"image\/png"}],"twitter_card":"summary_large_image","twitter_misc":{"Gesch\u00e4tzte Lesezeit":"2\u00a0Minuten"},"schema":{"@context":"https:\/\/schema.org","@graph":[{"@type":"WebPage","@id":"https:\/\/levii.it\/de\/ethik-und-unternehmensverhalten\/","url":"https:\/\/levii.it\/de\/ethik-und-unternehmensverhalten\/","name":"ETHIK UND UNTERNEHMENSVERHALTEN - Cantine Levii","isPartOf":{"@id":"https:\/\/levii.it\/de\/#website"},"primaryImageOfPage":{"@id":"https:\/\/levii.it\/de\/ethik-und-unternehmensverhalten\/#primaryimage"},"image":{"@id":"https:\/\/levii.it\/de\/ethik-und-unternehmensverhalten\/#primaryimage"},"thumbnailUrl":"https:\/\/levii.it\/wp-content\/uploads\/2024\/12\/images-300x110.png","datePublished":"2025-07-22T15:49:37+00:00","dateModified":"2025-07-29T09:57:53+00:00","breadcrumb":{"@id":"https:\/\/levii.it\/de\/ethik-und-unternehmensverhalten\/#breadcrumb"},"inLanguage":"de","potentialAction":[{"@type":"ReadAction","target":["https:\/\/levii.it\/de\/ethik-und-unternehmensverhalten\/"]}]},{"@type":"ImageObject","inLanguage":"de","@id":"https:\/\/levii.it\/de\/ethik-und-unternehmensverhalten\/#primaryimage","url":"https:\/\/levii.it\/wp-content\/uploads\/2024\/12\/images-300x110.png","contentUrl":"https:\/\/levii.it\/wp-content\/uploads\/2024\/12\/images-300x110.png"},{"@type":"BreadcrumbList","@id":"https:\/\/levii.it\/de\/ethik-und-unternehmensverhalten\/#breadcrumb","itemListElement":[{"@type":"ListItem","position":1,"name":"Home","item":"https:\/\/levii.it\/de\/"},{"@type":"ListItem","position":2,"name":"ETHIK UND UNTERNEHMENSVERHALTEN"}]},{"@type":"WebSite","@id":"https:\/\/levii.it\/de\/#website","url":"https:\/\/levii.it\/de\/","name":"Cantine Levii","description":"Bollicine estreme ed eleganti tra le Dolomiti e il Garda","publisher":{"@id":"https:\/\/levii.it\/de\/#organization"},"alternateName":"LEVII TRENTODOC","potentialAction":[{"@type":"SearchAction","target":{"@type":"EntryPoint","urlTemplate":"https:\/\/levii.it\/de\/?s={search_term_string}"},"query-input":{"@type":"PropertyValueSpecification","valueRequired":true,"valueName":"search_term_string"}}],"inLanguage":"de"},{"@type":"Organization","@id":"https:\/\/levii.it\/de\/#organization","name":"Cantine Levii","url":"https:\/\/levii.it\/de\/","logo":{"@type":"ImageObject","inLanguage":"de","@id":"https:\/\/levii.it\/de\/#\/schema\/logo\/image\/","url":"https:\/\/levii.it\/wp-content\/uploads\/2023\/04\/banner-e1693427559620.jpg","contentUrl":"https:\/\/levii.it\/wp-content\/uploads\/2023\/04\/banner-e1693427559620.jpg","width":217,"height":209,"caption":"Cantine Levii"},"image":{"@id":"https:\/\/levii.it\/de\/#\/schema\/logo\/image\/"},"sameAs":["https:\/\/www.facebook.com\/leviitrentodoc\/","https:\/\/www.instagram.com\/levii_trentodoc\/"]}]}},"jetpack_sharing_enabled":true,"_links":{"self":[{"href":"https:\/\/levii.it\/de\/wp-json\/wp\/v2\/pages\/800","targetHints":{"allow":["GET"]}}],"collection":[{"href":"https:\/\/levii.it\/de\/wp-json\/wp\/v2\/pages"}],"about":[{"href":"https:\/\/levii.it\/de\/wp-json\/wp\/v2\/types\/page"}],"author":[{"embeddable":true,"href":"https:\/\/levii.it\/de\/wp-json\/wp\/v2\/users\/1"}],"replies":[{"embeddable":true,"href":"https:\/\/levii.it\/de\/wp-json\/wp\/v2\/comments?post=800"}],"version-history":[{"count":7,"href":"https:\/\/levii.it\/de\/wp-json\/wp\/v2\/pages\/800\/revisions"}],"predecessor-version":[{"id":820,"href":"https:\/\/levii.it\/de\/wp-json\/wp\/v2\/pages\/800\/revisions\/820"}],"wp:attachment":[{"href":"https:\/\/levii.it\/de\/wp-json\/wp\/v2\/media?parent=800"}],"curies":[{"name":"wp","href":"https:\/\/api.w.org\/{rel}","templated":true}]}}